{"id":3266,"date":"2023-05-11T12:20:12","date_gmt":"2023-05-11T10:20:12","guid":{"rendered":"https:\/\/jdm.pl\/blog\/?page_id=3266"},"modified":"2023-05-11T14:55:11","modified_gmt":"2023-05-11T12:55:11","slug":"panel-klienta","status":"publish","type":"page","link":"https:\/\/jdm.pl\/blog\/pytania-i-odpowiedzi\/panel-klienta\/","title":{"rendered":"Panel klienta"},"content":{"rendered":"\n<div style=\"height:20px\" aria-hidden=\"true\" class=\"wp-block-spacer\"><\/div>\n\n\n\n<p class=\"has-text-align-center has-small-font-size\"><a href=\"https:\/\/jdm.pl\/blog\/pytania-i-odpowiedzi\/\">powr\u00f3t do FAQ<\/a><\/p>\n\n\n\n<p>Rejestruj\u0105c konto klienta po raz pierwszy, wysy\u0142amy dane do panelu klienta, z kt\u00f3rego mo\u017cna wygodnie zarz\u0105dza\u0107 wszystkimi us\u0142ugami pod adresem: <a href=\"https:\/\/panel.jdm.pl\/\" target=\"_blank\" rel=\"noreferrer noopener\">panel.jdm.pl<\/a> <\/p>\n\n\n\n<figure class=\"wp-block-image size-large\"><img loading=\"lazy\" decoding=\"async\" width=\"1024\" height=\"456\" src=\"https:\/\/jdm.pl\/blog\/wp-content\/uploads\/2023\/05\/panel-logowanie-1024x456.png\" alt=\"\" class=\"wp-image-3268\" srcset=\"https:\/\/jdm.pl\/blog\/wp-content\/uploads\/2023\/05\/panel-logowanie-1024x456.png 1024w, https:\/\/jdm.pl\/blog\/wp-content\/uploads\/2023\/05\/panel-logowanie-300x134.png 300w, https:\/\/jdm.pl\/blog\/wp-content\/uploads\/2023\/05\/panel-logowanie-768x342.png 768w, https:\/\/jdm.pl\/blog\/wp-content\/uploads\/2023\/05\/panel-logowanie.png 1157w\" sizes=\"auto, (max-width: 1024px) 100vw, 1024px\" \/><\/figure>\n\n\n\n<p>Po zalogowaniu z menu wybieramy dzia\u0142, kt\u00f3ry nas interesuje:<\/p>\n\n\n<div class=\"wp-block-image\">\n<figure class=\"aligncenter size-full\"><img loading=\"lazy\" decoding=\"async\" width=\"238\" height=\"334\" src=\"https:\/\/jdm.pl\/blog\/wp-content\/uploads\/2023\/05\/panel.png\" alt=\"\" class=\"wp-image-3270\" srcset=\"https:\/\/jdm.pl\/blog\/wp-content\/uploads\/2023\/05\/panel.png 238w, https:\/\/jdm.pl\/blog\/wp-content\/uploads\/2023\/05\/panel-214x300.png 214w\" sizes=\"auto, (max-width: 238px) 100vw, 238px\" \/><\/figure>\n<\/div>\n\n\n<p><\/p>\n\n\n\n<p>Naci\u015bnij na odpowiednie pytanie, aby zobaczy\u0107, czym mo\u017cna zarz\u0105dza\u0107 w danym dziale:<\/p>\n\n\n<div class=\"wp-block-uagb-faq uagb-faq__outer-wrap uagb-block-97e386a8 uagb-faq-icon-row uagb-faq-layout-accordion uagb-faq-expand-first-true uagb-faq-inactive-other-true uagb-faq__wrap uagb-buttons-layout-wrap uagb-faq-equal-height     \" data-faqtoggle=\"true\" role=\"tablist\"><div class=\"wp-block-uagb-faq-child uagb-faq-child__outer-wrap uagb-faq-item uagb-block-f9bac5bf \" role=\"tab\" tabindex=\"0\"><div class=\"uagb-faq-questions-button uagb-faq-questions\">\t\t\t<span class=\"uagb-icon uagb-faq-icon-wrap\">\n\t\t\t\t\t\t\t\t<svg xmlns=\"https:\/\/www.w3.org\/2000\/svg\" viewBox= \"0 0 512 512\"><path d=\"M256 0C114.6 0 0 114.6 0 256c0 141.4 114.6 256 256 256s256-114.6 256-256C512 114.6 397.4 0 256 0zM358.6 278.6l-112 112c-12.5 12.5-32.75 12.5-45.25 0s-12.5-32.75 0-45.25L290.8 256L201.4 166.6c-12.5-12.5-12.5-32.75 0-45.25s32.75-12.5 45.25 0l112 112C364.9 239.6 368 247.8 368 256S364.9 272.4 358.6 278.6z\"><\/path><\/svg>\n\t\t\t\t\t\t\t<\/span>\n\t\t\t\t\t\t<span class=\"uagb-icon-active uagb-faq-icon-wrap\">\n\t\t\t\t\t\t\t\t<svg xmlns=\"https:\/\/www.w3.org\/2000\/svg\" viewBox= \"0 0 512 512\"><path d=\"M0 256C0 114.6 114.6 0 256 0C397.4 0 512 114.6 512 256C512 397.4 397.4 512 256 512C114.6 512 0 397.4 0 256zM168 232C154.7 232 144 242.7 144 256C144 269.3 154.7 280 168 280H344C357.3 280 368 269.3 368 256C368 242.7 357.3 232 344 232H168z\"><\/path><\/svg>\n\t\t\t\t\t\t\t<\/span>\n\t\t\t<span class=\"uagb-question\">Hosting<\/span><\/div><div class=\"uagb-faq-content\"><p>Wybieraj\u0105c opcj\u0119 <em>szczeg\u00f3\u0142y<\/em> przy nazwie danej us\u0142ugi otrzymamy mo\u017cliwo\u015b\u0107:<br>\u2022 sprawdzenia danych dost\u0119powych SFTP \/ SSH \/ bazy MySQL,<br>\u2022 resetowania hase\u0142 do SFTP \/ SSH \/ bazy MySQL,<br>\u2022 dost\u0119pu do statystyk (unikalnych wy\u015bwietle\u0144 strony),<br>\u2022 sprawdzenia listy domen oraz przekierowa\u0144 dodanych do konta strony,<br>\u2022 wygenerowania certyfikatu SSL,<br>\u2022 zmiany wersji PHP dla strony,<br>\u2022 sprawdzenia statusu Cache i wyczyszczenia Cache,<br>\u2022 edycj\u0119 rekord\u00f3w DNS,<br>\u2022 wykonanie snapshotu,<br>\u2022 zlecenie przywr\u00f3cenia backupu,<br>\u2022 aktywacj\u0119 poczty i sprawdzenie jej konfiguracji.<br><br><strong>Zobacz te\u017c:<\/strong> <a href=\"https:\/\/jdm.pl\/blog\/kopia-zapasowa-a-snapshot\/\" target=\"_blank\" rel=\"noreferrer noopener\">Backup czy snapshot<\/a><\/p><\/div><\/div><div class=\"wp-block-uagb-faq-child uagb-faq-child__outer-wrap uagb-faq-item uagb-block-892afc44 \" role=\"tab\" tabindex=\"0\"><div class=\"uagb-faq-questions-button uagb-faq-questions\">\t\t\t<span class=\"uagb-icon uagb-faq-icon-wrap\">\n\t\t\t\t\t\t\t\t<svg xmlns=\"https:\/\/www.w3.org\/2000\/svg\" viewBox= \"0 0 512 512\"><path d=\"M256 0C114.6 0 0 114.6 0 256c0 141.4 114.6 256 256 256s256-114.6 256-256C512 114.6 397.4 0 256 0zM358.6 278.6l-112 112c-12.5 12.5-32.75 12.5-45.25 0s-12.5-32.75 0-45.25L290.8 256L201.4 166.6c-12.5-12.5-12.5-32.75 0-45.25s32.75-12.5 45.25 0l112 112C364.9 239.6 368 247.8 368 256S364.9 272.4 358.6 278.6z\"><\/path><\/svg>\n\t\t\t\t\t\t\t<\/span>\n\t\t\t\t\t\t<span class=\"uagb-icon-active uagb-faq-icon-wrap\">\n\t\t\t\t\t\t\t\t<svg xmlns=\"https:\/\/www.w3.org\/2000\/svg\" viewBox= \"0 0 512 512\"><path d=\"M0 256C0 114.6 114.6 0 256 0C397.4 0 512 114.6 512 256C512 397.4 397.4 512 256 512C114.6 512 0 397.4 0 256zM168 232C154.7 232 144 242.7 144 256C144 269.3 154.7 280 168 280H344C357.3 280 368 269.3 368 256C368 242.7 357.3 232 344 232H168z\"><\/path><\/svg>\n\t\t\t\t\t\t\t<\/span>\n\t\t\t<span class=\"uagb-question\">Domeny<\/span><\/div><div class=\"uagb-faq-content\"><p>Wybieraj\u0105c dzia\u0142 Domeny mo\u017cna:<br>\u2022 sprawdzi\u0107 zarejestrowane i aktywne domeny,<br>\u2022 zobaczy\u0107 wygas\u0142e domeny,<br>\u2022 pobra\u0107 kod authinfo,<br>\u2022 ustawi\u0107 delegacj\u0119 DNS.<\/p><\/div><\/div><div class=\"wp-block-uagb-faq-child uagb-faq-child__outer-wrap uagb-faq-item uagb-block-d53844cd \" role=\"tab\" tabindex=\"0\"><div class=\"uagb-faq-questions-button uagb-faq-questions\">\t\t\t<span class=\"uagb-icon uagb-faq-icon-wrap\">\n\t\t\t\t\t\t\t\t<svg xmlns=\"https:\/\/www.w3.org\/2000\/svg\" viewBox= \"0 0 512 512\"><path d=\"M256 0C114.6 0 0 114.6 0 256c0 141.4 114.6 256 256 256s256-114.6 256-256C512 114.6 397.4 0 256 0zM358.6 278.6l-112 112c-12.5 12.5-32.75 12.5-45.25 0s-12.5-32.75 0-45.25L290.8 256L201.4 166.6c-12.5-12.5-12.5-32.75 0-45.25s32.75-12.5 45.25 0l112 112C364.9 239.6 368 247.8 368 256S364.9 272.4 358.6 278.6z\"><\/path><\/svg>\n\t\t\t\t\t\t\t<\/span>\n\t\t\t\t\t\t<span class=\"uagb-icon-active uagb-faq-icon-wrap\">\n\t\t\t\t\t\t\t\t<svg xmlns=\"https:\/\/www.w3.org\/2000\/svg\" viewBox= \"0 0 512 512\"><path d=\"M0 256C0 114.6 114.6 0 256 0C397.4 0 512 114.6 512 256C512 397.4 397.4 512 256 512C114.6 512 0 397.4 0 256zM168 232C154.7 232 144 242.7 144 256C144 269.3 154.7 280 168 280H344C357.3 280 368 269.3 368 256C368 242.7 357.3 232 344 232H168z\"><\/path><\/svg>\n\t\t\t\t\t\t\t<\/span>\n\t\t\t<span class=\"uagb-question\">Poczta<\/span><\/div><div class=\"uagb-faq-content\"><p>W dziale poczta:<br>\u2022 sprawdzisz dane do konfiguracji poczty,<br>\u2022 aktywujesz poczt\u0119 dla wybranej us\u0142ugi,<br>\u2022 utworzysz skrzynk\u0119 pocztow\u0105 i ustawisz jej pojemno\u015b\u0107,<br>\u2022 zmienisz pojemno\u015b\u0107 skrzynki,<br>\u2022 zmienisz has\u0142o na skrzynce pocztowej,<br>\u2022 ustawisz aliasy i funkcj\u0119 catch-all.<br><strong>Zobacz te\u017c:<\/strong> <a href=\"https:\/\/jdm.pl\/blog\/jak-zalozyc-skrzynke-pocztowa\/\" target=\"_blank\" rel=\"noreferrer noopener\">Jak utworzy\u0107 skrzynk\u0119 pocztow\u0105<\/a><\/p><\/div><\/div><div class=\"wp-block-uagb-faq-child uagb-faq-child__outer-wrap uagb-faq-item uagb-block-2529d0cb \" role=\"tab\" tabindex=\"0\"><div class=\"uagb-faq-questions-button uagb-faq-questions\">\t\t\t<span class=\"uagb-icon uagb-faq-icon-wrap\">\n\t\t\t\t\t\t\t\t<svg xmlns=\"https:\/\/www.w3.org\/2000\/svg\" viewBox= \"0 0 512 512\"><path d=\"M256 0C114.6 0 0 114.6 0 256c0 141.4 114.6 256 256 256s256-114.6 256-256C512 114.6 397.4 0 256 0zM358.6 278.6l-112 112c-12.5 12.5-32.75 12.5-45.25 0s-12.5-32.75 0-45.25L290.8 256L201.4 166.6c-12.5-12.5-12.5-32.75 0-45.25s32.75-12.5 45.25 0l112 112C364.9 239.6 368 247.8 368 256S364.9 272.4 358.6 278.6z\"><\/path><\/svg>\n\t\t\t\t\t\t\t<\/span>\n\t\t\t\t\t\t<span class=\"uagb-icon-active uagb-faq-icon-wrap\">\n\t\t\t\t\t\t\t\t<svg xmlns=\"https:\/\/www.w3.org\/2000\/svg\" viewBox= \"0 0 512 512\"><path d=\"M0 256C0 114.6 114.6 0 256 0C397.4 0 512 114.6 512 256C512 397.4 397.4 512 256 512C114.6 512 0 397.4 0 256zM168 232C154.7 232 144 242.7 144 256C144 269.3 154.7 280 168 280H344C357.3 280 368 269.3 368 256C368 242.7 357.3 232 344 232H168z\"><\/path><\/svg>\n\t\t\t\t\t\t\t<\/span>\n\t\t\t<span class=\"uagb-question\">P\u0142atno\u015bci<\/span><\/div><div class=\"uagb-faq-content\"><p>Sprawdzisz i op\u0142acisz bie\u017c\u0105ce faktury. Przechodz\u0105c w szczeg\u00f3\u0142y danej p\u0142atno\u015bci mo\u017cesz te\u017c pobra\u0107 faktur\u0119. <\/p><\/div><\/div><div class=\"wp-block-uagb-faq-child uagb-faq-child__outer-wrap uagb-faq-item uagb-block-ef1d7094 \" role=\"tab\" tabindex=\"0\"><div class=\"uagb-faq-questions-button uagb-faq-questions\">\t\t\t<span class=\"uagb-icon uagb-faq-icon-wrap\">\n\t\t\t\t\t\t\t\t<svg xmlns=\"https:\/\/www.w3.org\/2000\/svg\" viewBox= \"0 0 512 512\"><path d=\"M256 0C114.6 0 0 114.6 0 256c0 141.4 114.6 256 256 256s256-114.6 256-256C512 114.6 397.4 0 256 0zM358.6 278.6l-112 112c-12.5 12.5-32.75 12.5-45.25 0s-12.5-32.75 0-45.25L290.8 256L201.4 166.6c-12.5-12.5-12.5-32.75 0-45.25s32.75-12.5 45.25 0l112 112C364.9 239.6 368 247.8 368 256S364.9 272.4 358.6 278.6z\"><\/path><\/svg>\n\t\t\t\t\t\t\t<\/span>\n\t\t\t\t\t\t<span class=\"uagb-icon-active uagb-faq-icon-wrap\">\n\t\t\t\t\t\t\t\t<svg xmlns=\"https:\/\/www.w3.org\/2000\/svg\" viewBox= \"0 0 512 512\"><path d=\"M0 256C0 114.6 114.6 0 256 0C397.4 0 512 114.6 512 256C512 397.4 397.4 512 256 512C114.6 512 0 397.4 0 256zM168 232C154.7 232 144 242.7 144 256C144 269.3 154.7 280 168 280H344C357.3 280 368 269.3 368 256C368 242.7 357.3 232 344 232H168z\"><\/path><\/svg>\n\t\t\t\t\t\t\t<\/span>\n\t\t\t<span class=\"uagb-question\">Zg\u0142oszenia (BOK)<\/span><\/div><div class=\"uagb-faq-content\"><p>Prze\u015blesz lub zamkniesz zg\u0142oszenie do Biura Obs\u0142ugi Klienta.<br><strong>Zobacz te\u017c: <\/strong><a href=\"https:\/\/jdm.pl\/blog\/jak-najlepiej-napisac-zgloszenie\/\" target=\"_blank\" rel=\"noreferrer noopener\">Jak w\u0142a\u015bciwie napisa\u0107 zg\u0142oszenie<\/a> oraz <a href=\"https:\/\/jdm.pl\/blog\/korzystanie-ze-zgloszen-w-hostingu\/\" target=\"_blank\" rel=\"noreferrer noopener\">Korzystanie ze zg\u0142osze\u0144 w hostingu<\/a><\/p><\/div><\/div><div class=\"wp-block-uagb-faq-child uagb-faq-child__outer-wrap uagb-faq-item uagb-block-554c900f \" role=\"tab\" tabindex=\"0\"><div class=\"uagb-faq-questions-button uagb-faq-questions\">\t\t\t<span class=\"uagb-icon uagb-faq-icon-wrap\">\n\t\t\t\t\t\t\t\t<svg xmlns=\"https:\/\/www.w3.org\/2000\/svg\" viewBox= \"0 0 512 512\"><path d=\"M256 0C114.6 0 0 114.6 0 256c0 141.4 114.6 256 256 256s256-114.6 256-256C512 114.6 397.4 0 256 0zM358.6 278.6l-112 112c-12.5 12.5-32.75 12.5-45.25 0s-12.5-32.75 0-45.25L290.8 256L201.4 166.6c-12.5-12.5-12.5-32.75 0-45.25s32.75-12.5 45.25 0l112 112C364.9 239.6 368 247.8 368 256S364.9 272.4 358.6 278.6z\"><\/path><\/svg>\n\t\t\t\t\t\t\t<\/span>\n\t\t\t\t\t\t<span class=\"uagb-icon-active uagb-faq-icon-wrap\">\n\t\t\t\t\t\t\t\t<svg xmlns=\"https:\/\/www.w3.org\/2000\/svg\" viewBox= \"0 0 512 512\"><path d=\"M0 256C0 114.6 114.6 0 256 0C397.4 0 512 114.6 512 256C512 397.4 397.4 512 256 512C114.6 512 0 397.4 0 256zM168 232C154.7 232 144 242.7 144 256C144 269.3 154.7 280 168 280H344C357.3 280 368 269.3 368 256C368 242.7 357.3 232 344 232H168z\"><\/path><\/svg>\n\t\t\t\t\t\t\t<\/span>\n\t\t\t<span class=\"uagb-question\">Program Partnerski<\/span><\/div><div class=\"uagb-faq-content\"><p>W dziale dost\u0119pny jest link partnerski, dzi\u0119ki kt\u00f3remu otrzymasz prowizj\u0119 za ka\u017cdy zakupiony przez niego hosting. Sprawdzisz liczb\u0119 rejestracji z danego linku, kwot\u0119 do wyp\u0142aty i wyp\u0142acone \u015brodki.<\/p><\/div><\/div><div class=\"wp-block-uagb-faq-child uagb-faq-child__outer-wrap uagb-faq-item uagb-block-112a1ac4 \" role=\"tab\" tabindex=\"0\"><div class=\"uagb-faq-questions-button uagb-faq-questions\">\t\t\t<span class=\"uagb-icon uagb-faq-icon-wrap\">\n\t\t\t\t\t\t\t\t<svg xmlns=\"https:\/\/www.w3.org\/2000\/svg\" viewBox= \"0 0 512 512\"><path d=\"M256 0C114.6 0 0 114.6 0 256c0 141.4 114.6 256 256 256s256-114.6 256-256C512 114.6 397.4 0 256 0zM358.6 278.6l-112 112c-12.5 12.5-32.75 12.5-45.25 0s-12.5-32.75 0-45.25L290.8 256L201.4 166.6c-12.5-12.5-12.5-32.75 0-45.25s32.75-12.5 45.25 0l112 112C364.9 239.6 368 247.8 368 256S364.9 272.4 358.6 278.6z\"><\/path><\/svg>\n\t\t\t\t\t\t\t<\/span>\n\t\t\t\t\t\t<span class=\"uagb-icon-active uagb-faq-icon-wrap\">\n\t\t\t\t\t\t\t\t<svg xmlns=\"https:\/\/www.w3.org\/2000\/svg\" viewBox= \"0 0 512 512\"><path d=\"M0 256C0 114.6 114.6 0 256 0C397.4 0 512 114.6 512 256C512 397.4 397.4 512 256 512C114.6 512 0 397.4 0 256zM168 232C154.7 232 144 242.7 144 256C144 269.3 154.7 280 168 280H344C357.3 280 368 269.3 368 256C368 242.7 357.3 232 344 232H168z\"><\/path><\/svg>\n\t\t\t\t\t\t\t<\/span>\n\t\t\t<span class=\"uagb-question\">Twoje Dane<\/span><\/div><div class=\"uagb-faq-content\"><p>Mo\u017cna w tym dziale zobaczy\u0107 dane, zmieni\u0107 has\u0142o do panelu klienta oraz pobra\u0107 umow\u0119 powierzenia danych (RODO). <\/p><\/div><\/div><\/div>","protected":false},"excerpt":{"rendered":"<p>powr\u00f3t do FAQ Rejestruj\u0105c konto klienta po raz pierwszy, wysy\u0142amy dane do panelu klienta, z kt\u00f3rego mo\u017cna wygodnie zarz\u0105dza\u0107 wszystkimi us\u0142ugami pod adresem: panel.jdm.pl Po zalogowaniu z menu wybieramy dzia\u0142, kt\u00f3ry nas interesuje: Naci\u015bnij na odpowiednie pytanie, aby zobaczy\u0107, czym mo\u017cna zarz\u0105dza\u0107 w danym dziale:<\/p>\n","protected":false},"author":4,"featured_media":0,"parent":3213,"menu_order":0,"comment_status":"closed","ping_status":"closed","template":"","meta":{"_uag_custom_page_level_css":"","_exactmetrics_skip_tracking":false,"_exactmetrics_sitenote_active":false,"_exactmetrics_sitenote_note":"","_exactmetrics_sitenote_category":0,"footnotes":""},"class_list":["post-3266","page","type-page","status-publish","hentry"],"yoast_head":"<!-- This site is optimized with the Yoast SEO plugin v27.4 - https:\/\/yoast.com\/product\/yoast-seo-wordpress\/ -->\n<title>Panel klienta - Blog jdm.pl<\/title>\n<meta name=\"robots\" content=\"index, follow, max-snippet:-1, max-image-preview:large, max-video-preview:-1\" \/>\n<link rel=\"canonical\" href=\"https:\/\/jdm.pl\/blog\/pytania-i-odpowiedzi\/panel-klienta\/\" \/>\n<meta property=\"og:locale\" content=\"pl_PL\" \/>\n<meta property=\"og:type\" content=\"article\" \/>\n<meta property=\"og:title\" content=\"Panel klienta - Blog jdm.pl\" \/>\n<meta property=\"og:description\" content=\"powr\u00f3t do FAQ Rejestruj\u0105c konto klienta po raz pierwszy, wysy\u0142amy dane do panelu klienta, z kt\u00f3rego mo\u017cna wygodnie zarz\u0105dza\u0107 wszystkimi us\u0142ugami pod adresem: panel.jdm.pl Po zalogowaniu z menu wybieramy dzia\u0142, kt\u00f3ry nas interesuje: Naci\u015bnij na odpowiednie pytanie, aby zobaczy\u0107, czym mo\u017cna zarz\u0105dza\u0107 w danym dziale:\" \/>\n<meta property=\"og:url\" content=\"https:\/\/jdm.pl\/blog\/pytania-i-odpowiedzi\/panel-klienta\/\" \/>\n<meta property=\"og:site_name\" content=\"Blog jdm.pl\" \/>\n<meta property=\"article:modified_time\" content=\"2023-05-11T12:55:11+00:00\" \/>\n<meta property=\"og:image\" content=\"https:\/\/jdm.pl\/blog\/wp-content\/uploads\/2023\/05\/panel-logowanie-1024x456.png\" \/>\n<meta name=\"twitter:card\" content=\"summary_large_image\" \/>\n<meta name=\"twitter:label1\" content=\"Szacowany czas czytania\" \/>\n\t<meta name=\"twitter:data1\" content=\"3 minuty\" \/>\n<script type=\"application\/ld+json\" class=\"yoast-schema-graph\">{\"@context\":\"https:\\\/\\\/schema.org\",\"@graph\":[{\"@type\":\"WebPage\",\"@id\":\"https:\\\/\\\/jdm.pl\\\/blog\\\/pytania-i-odpowiedzi\\\/panel-klienta\\\/\",\"url\":\"https:\\\/\\\/jdm.pl\\\/blog\\\/pytania-i-odpowiedzi\\\/panel-klienta\\\/\",\"name\":\"Panel klienta - Blog jdm.pl\",\"isPartOf\":{\"@id\":\"https:\\\/\\\/jdm.pl\\\/blog\\\/#website\"},\"primaryImageOfPage\":{\"@id\":\"https:\\\/\\\/jdm.pl\\\/blog\\\/pytania-i-odpowiedzi\\\/panel-klienta\\\/#primaryimage\"},\"image\":{\"@id\":\"https:\\\/\\\/jdm.pl\\\/blog\\\/pytania-i-odpowiedzi\\\/panel-klienta\\\/#primaryimage\"},\"thumbnailUrl\":\"https:\\\/\\\/jdm.pl\\\/blog\\\/wp-content\\\/uploads\\\/2023\\\/05\\\/panel-logowanie-1024x456.png\",\"datePublished\":\"2023-05-11T10:20:12+00:00\",\"dateModified\":\"2023-05-11T12:55:11+00:00\",\"breadcrumb\":{\"@id\":\"https:\\\/\\\/jdm.pl\\\/blog\\\/pytania-i-odpowiedzi\\\/panel-klienta\\\/#breadcrumb\"},\"inLanguage\":\"pl-PL\",\"potentialAction\":[{\"@type\":\"ReadAction\",\"target\":[\"https:\\\/\\\/jdm.pl\\\/blog\\\/pytania-i-odpowiedzi\\\/panel-klienta\\\/\"]}]},{\"@type\":\"ImageObject\",\"inLanguage\":\"pl-PL\",\"@id\":\"https:\\\/\\\/jdm.pl\\\/blog\\\/pytania-i-odpowiedzi\\\/panel-klienta\\\/#primaryimage\",\"url\":\"https:\\\/\\\/jdm.pl\\\/blog\\\/wp-content\\\/uploads\\\/2023\\\/05\\\/panel-logowanie.png\",\"contentUrl\":\"https:\\\/\\\/jdm.pl\\\/blog\\\/wp-content\\\/uploads\\\/2023\\\/05\\\/panel-logowanie.png\",\"width\":1157,\"height\":515},{\"@type\":\"BreadcrumbList\",\"@id\":\"https:\\\/\\\/jdm.pl\\\/blog\\\/pytania-i-odpowiedzi\\\/panel-klienta\\\/#breadcrumb\",\"itemListElement\":[{\"@type\":\"ListItem\",\"position\":1,\"name\":\"Strona g\u0142\u00f3wna\",\"item\":\"https:\\\/\\\/jdm.pl\\\/blog\\\/\"},{\"@type\":\"ListItem\",\"position\":2,\"name\":\"Pytania i odpowiedzi\",\"item\":\"https:\\\/\\\/jdm.pl\\\/blog\\\/pytania-i-odpowiedzi\\\/\"},{\"@type\":\"ListItem\",\"position\":3,\"name\":\"Panel klienta\"}]},{\"@type\":\"WebSite\",\"@id\":\"https:\\\/\\\/jdm.pl\\\/blog\\\/#website\",\"url\":\"https:\\\/\\\/jdm.pl\\\/blog\\\/\",\"name\":\"Blog jdm.pl\",\"description\":\"WordPress tutoriale i porady\",\"potentialAction\":[{\"@type\":\"SearchAction\",\"target\":{\"@type\":\"EntryPoint\",\"urlTemplate\":\"https:\\\/\\\/jdm.pl\\\/blog\\\/?s={search_term_string}\"},\"query-input\":{\"@type\":\"PropertyValueSpecification\",\"valueRequired\":true,\"valueName\":\"search_term_string\"}}],\"inLanguage\":\"pl-PL\"}]}<\/script>\n<!-- \/ Yoast SEO plugin. -->","yoast_head_json":{"title":"Panel klienta - Blog jdm.pl","robots":{"index":"index","follow":"follow","max-snippet":"max-snippet:-1","max-image-preview":"max-image-preview:large","max-video-preview":"max-video-preview:-1"},"canonical":"https:\/\/jdm.pl\/blog\/pytania-i-odpowiedzi\/panel-klienta\/","og_locale":"pl_PL","og_type":"article","og_title":"Panel klienta - Blog jdm.pl","og_description":"powr\u00f3t do FAQ Rejestruj\u0105c konto klienta po raz pierwszy, wysy\u0142amy dane do panelu klienta, z kt\u00f3rego mo\u017cna wygodnie zarz\u0105dza\u0107 wszystkimi us\u0142ugami pod adresem: panel.jdm.pl Po zalogowaniu z menu wybieramy dzia\u0142, kt\u00f3ry nas interesuje: Naci\u015bnij na odpowiednie pytanie, aby zobaczy\u0107, czym mo\u017cna zarz\u0105dza\u0107 w danym dziale:","og_url":"https:\/\/jdm.pl\/blog\/pytania-i-odpowiedzi\/panel-klienta\/","og_site_name":"Blog jdm.pl","article_modified_time":"2023-05-11T12:55:11+00:00","og_image":[{"url":"https:\/\/jdm.pl\/blog\/wp-content\/uploads\/2023\/05\/panel-logowanie-1024x456.png","type":"","width":"","height":""}],"twitter_card":"summary_large_image","twitter_misc":{"Szacowany czas czytania":"3 minuty"},"schema":{"@context":"https:\/\/schema.org","@graph":[{"@type":"WebPage","@id":"https:\/\/jdm.pl\/blog\/pytania-i-odpowiedzi\/panel-klienta\/","url":"https:\/\/jdm.pl\/blog\/pytania-i-odpowiedzi\/panel-klienta\/","name":"Panel klienta - Blog jdm.pl","isPartOf":{"@id":"https:\/\/jdm.pl\/blog\/#website"},"primaryImageOfPage":{"@id":"https:\/\/jdm.pl\/blog\/pytania-i-odpowiedzi\/panel-klienta\/#primaryimage"},"image":{"@id":"https:\/\/jdm.pl\/blog\/pytania-i-odpowiedzi\/panel-klienta\/#primaryimage"},"thumbnailUrl":"https:\/\/jdm.pl\/blog\/wp-content\/uploads\/2023\/05\/panel-logowanie-1024x456.png","datePublished":"2023-05-11T10:20:12+00:00","dateModified":"2023-05-11T12:55:11+00:00","breadcrumb":{"@id":"https:\/\/jdm.pl\/blog\/pytania-i-odpowiedzi\/panel-klienta\/#breadcrumb"},"inLanguage":"pl-PL","potentialAction":[{"@type":"ReadAction","target":["https:\/\/jdm.pl\/blog\/pytania-i-odpowiedzi\/panel-klienta\/"]}]},{"@type":"ImageObject","inLanguage":"pl-PL","@id":"https:\/\/jdm.pl\/blog\/pytania-i-odpowiedzi\/panel-klienta\/#primaryimage","url":"https:\/\/jdm.pl\/blog\/wp-content\/uploads\/2023\/05\/panel-logowanie.png","contentUrl":"https:\/\/jdm.pl\/blog\/wp-content\/uploads\/2023\/05\/panel-logowanie.png","width":1157,"height":515},{"@type":"BreadcrumbList","@id":"https:\/\/jdm.pl\/blog\/pytania-i-odpowiedzi\/panel-klienta\/#breadcrumb","itemListElement":[{"@type":"ListItem","position":1,"name":"Strona g\u0142\u00f3wna","item":"https:\/\/jdm.pl\/blog\/"},{"@type":"ListItem","position":2,"name":"Pytania i odpowiedzi","item":"https:\/\/jdm.pl\/blog\/pytania-i-odpowiedzi\/"},{"@type":"ListItem","position":3,"name":"Panel klienta"}]},{"@type":"WebSite","@id":"https:\/\/jdm.pl\/blog\/#website","url":"https:\/\/jdm.pl\/blog\/","name":"Blog jdm.pl","description":"WordPress tutoriale i porady","potentialAction":[{"@type":"SearchAction","target":{"@type":"EntryPoint","urlTemplate":"https:\/\/jdm.pl\/blog\/?s={search_term_string}"},"query-input":{"@type":"PropertyValueSpecification","valueRequired":true,"valueName":"search_term_string"}}],"inLanguage":"pl-PL"}]}},"uagb_featured_image_src":{"full":false,"thumbnail":false,"medium":false,"medium_large":false,"large":false,"hd_qu_size2":false,"1536x1536":false,"2048x2048":false,"sidebar-thumb":false},"uagb_author_info":{"display_name":"Anna Starek-Wr\u00f3bel","author_link":"https:\/\/jdm.pl\/blog\/author\/anna-starek\/"},"uagb_comment_info":0,"uagb_excerpt":"powr\u00f3t do FAQ Rejestruj\u0105c konto klienta po raz pierwszy, wysy\u0142amy dane do panelu klienta, z kt\u00f3rego mo\u017cna wygodnie zarz\u0105dza\u0107 wszystkimi us\u0142ugami pod adresem: panel.jdm.pl Po zalogowaniu z menu wybieramy dzia\u0142, kt\u00f3ry nas interesuje: Naci\u015bnij na odpowiednie pytanie, aby zobaczy\u0107, czym mo\u017cna zarz\u0105dza\u0107 w danym dziale:","jetpack_sharing_enabled":true,"_links":{"self":[{"href":"https:\/\/jdm.pl\/blog\/wp-json\/wp\/v2\/pages\/3266","targetHints":{"allow":["GET"]}}],"collection":[{"href":"https:\/\/jdm.pl\/blog\/wp-json\/wp\/v2\/pages"}],"about":[{"href":"https:\/\/jdm.pl\/blog\/wp-json\/wp\/v2\/types\/page"}],"author":[{"embeddable":true,"href":"https:\/\/jdm.pl\/blog\/wp-json\/wp\/v2\/users\/4"}],"replies":[{"embeddable":true,"href":"https:\/\/jdm.pl\/blog\/wp-json\/wp\/v2\/comments?post=3266"}],"version-history":[{"count":4,"href":"https:\/\/jdm.pl\/blog\/wp-json\/wp\/v2\/pages\/3266\/revisions"}],"predecessor-version":[{"id":3285,"href":"https:\/\/jdm.pl\/blog\/wp-json\/wp\/v2\/pages\/3266\/revisions\/3285"}],"up":[{"embeddable":true,"href":"https:\/\/jdm.pl\/blog\/wp-json\/wp\/v2\/pages\/3213"}],"wp:attachment":[{"href":"https:\/\/jdm.pl\/blog\/wp-json\/wp\/v2\/media?parent=3266"}],"curies":[{"name":"wp","href":"https:\/\/api.w.org\/{rel}","templated":true}]}}