{"id":3253,"date":"2023-05-10T22:30:58","date_gmt":"2023-05-10T20:30:58","guid":{"rendered":"https:\/\/jdm.pl\/blog\/?page_id=3253"},"modified":"2023-05-10T22:49:22","modified_gmt":"2023-05-10T20:49:22","slug":"poczta","status":"publish","type":"page","link":"https:\/\/jdm.pl\/blog\/pytania-i-odpowiedzi\/poczta\/","title":{"rendered":"Poczta"},"content":{"rendered":"\n<div style=\"height:20px\" aria-hidden=\"true\" class=\"wp-block-spacer\"><\/div>\n\n\n\n<p class=\"has-text-align-center has-small-font-size\"><a href=\"https:\/\/jdm.pl\/blog\/pytania-i-odpowiedzi\/\">powr\u00f3t do FAQ<\/a><\/p>\n\n\n\n<p>Naci\u015bnij na odpowiednie pytanie, aby zobaczy\u0107 odpowied\u017a:<\/p>\n\n\n<div class=\"wp-block-uagb-faq uagb-faq__outer-wrap uagb-block-3139cd71 uagb-faq-icon-row uagb-faq-layout-accordion uagb-faq-expand-first-true uagb-faq-inactive-other-true uagb-faq__wrap uagb-buttons-layout-wrap uagb-faq-equal-height     \" data-faqtoggle=\"true\" role=\"tablist\"><div class=\"wp-block-uagb-faq-child uagb-faq-child__outer-wrap uagb-faq-item uagb-block-925da7c8 \" role=\"tab\" tabindex=\"0\"><div class=\"uagb-faq-questions-button uagb-faq-questions\">\t\t\t<span class=\"uagb-icon uagb-faq-icon-wrap\">\n\t\t\t\t\t\t\t\t<svg xmlns=\"https:\/\/www.w3.org\/2000\/svg\" viewBox= \"0 0 512 512\"><path d=\"M256 0C114.6 0 0 114.6 0 256s114.6 256 256 256s256-114.6 256-256S397.4 0 256 0zM256 400c-18 0-32-14-32-32s13.1-32 32-32c17.1 0 32 14 32 32S273.1 400 256 400zM325.1 258L280 286V288c0 13-11 24-24 24S232 301 232 288V272c0-8 4-16 12-21l57-34C308 213 312 206 312 198C312 186 301.1 176 289.1 176h-51.1C225.1 176 216 186 216 198c0 13-11 24-24 24s-24-11-24-24C168 159 199 128 237.1 128h51.1C329 128 360 159 360 198C360 222 347 245 325.1 258z\"><\/path><\/svg>\n\t\t\t\t\t\t\t<\/span>\n\t\t\t\t\t\t<span class=\"uagb-icon-active uagb-faq-icon-wrap\">\n\t\t\t\t\t\t\t\t<svg xmlns=\"https:\/\/www.w3.org\/2000\/svg\" viewBox= \"0 0 448 512\"><path d=\"M400 288h-352c-17.69 0-32-14.32-32-32.01s14.31-31.99 32-31.99h352c17.69 0 32 14.3 32 31.99S417.7 288 400 288z\"><\/path><\/svg>\n\t\t\t\t\t\t\t<\/span>\n\t\t\t<span class=\"uagb-question\">Pod jakim adresem sprawdz\u0119 poczt\u0119<\/span><\/div><div class=\"uagb-faq-content\"><p>Poczt\u0119 utrzymywan\u0105 w ramach hostingu mo\u017cna sprawdzi\u0107 pod adresem <a href=\"https:\/\/poczta.jdm.pl\" target=\"_blank\" rel=\"noreferrer noopener\">https:\/\/poczta.jdm.pl<\/a> <\/p><\/div><\/div><div class=\"wp-block-uagb-faq-child uagb-faq-child__outer-wrap uagb-faq-item uagb-block-516cecac \" role=\"tab\" tabindex=\"0\"><div class=\"uagb-faq-questions-button uagb-faq-questions\">\t\t\t<span class=\"uagb-icon uagb-faq-icon-wrap\">\n\t\t\t\t\t\t\t\t<svg xmlns=\"https:\/\/www.w3.org\/2000\/svg\" viewBox= \"0 0 512 512\"><path d=\"M256 0C114.6 0 0 114.6 0 256s114.6 256 256 256s256-114.6 256-256S397.4 0 256 0zM256 400c-18 0-32-14-32-32s13.1-32 32-32c17.1 0 32 14 32 32S273.1 400 256 400zM325.1 258L280 286V288c0 13-11 24-24 24S232 301 232 288V272c0-8 4-16 12-21l57-34C308 213 312 206 312 198C312 186 301.1 176 289.1 176h-51.1C225.1 176 216 186 216 198c0 13-11 24-24 24s-24-11-24-24C168 159 199 128 237.1 128h51.1C329 128 360 159 360 198C360 222 347 245 325.1 258z\"><\/path><\/svg>\n\t\t\t\t\t\t\t<\/span>\n\t\t\t\t\t\t<span class=\"uagb-icon-active uagb-faq-icon-wrap\">\n\t\t\t\t\t\t\t\t<svg xmlns=\"https:\/\/www.w3.org\/2000\/svg\" viewBox= \"0 0 448 512\"><path d=\"M400 288h-352c-17.69 0-32-14.32-32-32.01s14.31-31.99 32-31.99h352c17.69 0 32 14.3 32 31.99S417.7 288 400 288z\"><\/path><\/svg>\n\t\t\t\t\t\t\t<\/span>\n\t\t\t<span class=\"uagb-question\">Jak skonfigurowa\u0107 program pocztowy<\/span><\/div><div class=\"uagb-faq-content\"><p>Konfiguracja zale\u017cy od wybranego programu pocztowego &#8211; zapraszamy <a href=\"https:\/\/jdm.pl\/pomoc\/temat\/konfiguracja-programow-pocztowych\/\" target=\"_blank\" rel=\"noreferrer noopener\">do sprawdzenia dzia\u0142u pomocy<\/a>. Nale\u017cy pami\u0119ta\u0107, aby poda\u0107 nast\u0119puj\u0105ce dane:<br><strong>Serwer poczty wychodz\u0105cej\u00a0(SMTP)<\/strong><br>Host:\u00a0<code>smtp.jdm.pl<\/code><br>Port na potrzeby po\u0142\u0105cze\u0144 STARTTLS:\u00a0<code>587<\/code><br>Port na potrzeby po\u0142\u0105cze\u0144 TLS (SSL):\u00a0<code>465<\/code><br>Wymaga uwierzytelnienia: Tak<br><strong>Serwer poczty przychodz\u0105cej\u00a0(IMAP)<\/strong><br>Host:\u00a0<code>imap.jdm.pl<\/code><br>Port na potrzeby po\u0142\u0105cze\u0144 STARTTLS:\u00a0<code>143<\/code><br>Port na potrzeby po\u0142\u0105cze\u0144 TLS (SSL):\u00a0<code>993<\/code><br><strong>Serwer poczty przychodz\u0105cej\u00a0(POP3) <small>(niezalecany)<\/small><\/strong><br>Host:\u00a0<code>pop3.jdm.pl<\/code><br>Port na potrzeby po\u0142\u0105cze\u0144 STARTTLS:\u00a0<code>110<\/code><br>Port na potrzeby po\u0142\u0105cze\u0144 TLS (SSL):\u00a0<code>995<\/code><br><strong>Nazwa u\u017cytkownika: <\/strong>Tw\u00f3j pe\u0142ny adres e-mail<br><strong>Has\u0142o: <\/strong>Twoje has\u0142o do skrzynki<\/p><\/div><\/div><div class=\"wp-block-uagb-faq-child uagb-faq-child__outer-wrap uagb-faq-item uagb-block-433c9f51 \" role=\"tab\" tabindex=\"0\"><div class=\"uagb-faq-questions-button uagb-faq-questions\">\t\t\t<span class=\"uagb-icon uagb-faq-icon-wrap\">\n\t\t\t\t\t\t\t\t<svg xmlns=\"https:\/\/www.w3.org\/2000\/svg\" viewBox= \"0 0 512 512\"><path d=\"M256 0C114.6 0 0 114.6 0 256s114.6 256 256 256s256-114.6 256-256S397.4 0 256 0zM256 400c-18 0-32-14-32-32s13.1-32 32-32c17.1 0 32 14 32 32S273.1 400 256 400zM325.1 258L280 286V288c0 13-11 24-24 24S232 301 232 288V272c0-8 4-16 12-21l57-34C308 213 312 206 312 198C312 186 301.1 176 289.1 176h-51.1C225.1 176 216 186 216 198c0 13-11 24-24 24s-24-11-24-24C168 159 199 128 237.1 128h51.1C329 128 360 159 360 198C360 222 347 245 325.1 258z\"><\/path><\/svg>\n\t\t\t\t\t\t\t<\/span>\n\t\t\t\t\t\t<span class=\"uagb-icon-active uagb-faq-icon-wrap\">\n\t\t\t\t\t\t\t\t<svg xmlns=\"https:\/\/www.w3.org\/2000\/svg\" viewBox= \"0 0 448 512\"><path d=\"M400 288h-352c-17.69 0-32-14.32-32-32.01s14.31-31.99 32-31.99h352c17.69 0 32 14.3 32 31.99S417.7 288 400 288z\"><\/path><\/svg>\n\t\t\t\t\t\t\t<\/span>\n\t\t\t<span class=\"uagb-question\">Czy pojemno\u015b\u0107 poczty wlicza si\u0119 w pojemno\u015b\u0107 konta hostingowego<\/span><\/div><div class=\"uagb-faq-content\"><p>Nie. Pojemno\u015b\u0107 skrzynek nie wlicza si\u0119 w pojemno\u015b\u0107 konta hostingowego. Liczba GB przypadaj\u0105cych na poczt\u0119 zale\u017cy od <a href=\"https:\/\/jdm.pl\/hosting-wordpress\/\" target=\"_blank\" rel=\"noreferrer noopener\">wybranego pakietu hostingowego<\/a>. <\/p><\/div><\/div><div class=\"wp-block-uagb-faq-child uagb-faq-child__outer-wrap uagb-faq-item uagb-block-de8052cf \" role=\"tab\" tabindex=\"0\"><div class=\"uagb-faq-questions-button uagb-faq-questions\">\t\t\t<span class=\"uagb-icon uagb-faq-icon-wrap\">\n\t\t\t\t\t\t\t\t<svg xmlns=\"https:\/\/www.w3.org\/2000\/svg\" viewBox= \"0 0 512 512\"><path d=\"M256 0C114.6 0 0 114.6 0 256s114.6 256 256 256s256-114.6 256-256S397.4 0 256 0zM256 400c-18 0-32-14-32-32s13.1-32 32-32c17.1 0 32 14 32 32S273.1 400 256 400zM325.1 258L280 286V288c0 13-11 24-24 24S232 301 232 288V272c0-8 4-16 12-21l57-34C308 213 312 206 312 198C312 186 301.1 176 289.1 176h-51.1C225.1 176 216 186 216 198c0 13-11 24-24 24s-24-11-24-24C168 159 199 128 237.1 128h51.1C329 128 360 159 360 198C360 222 347 245 325.1 258z\"><\/path><\/svg>\n\t\t\t\t\t\t\t<\/span>\n\t\t\t\t\t\t<span class=\"uagb-icon-active uagb-faq-icon-wrap\">\n\t\t\t\t\t\t\t\t<svg xmlns=\"https:\/\/www.w3.org\/2000\/svg\" viewBox= \"0 0 448 512\"><path d=\"M400 288h-352c-17.69 0-32-14.32-32-32.01s14.31-31.99 32-31.99h352c17.69 0 32 14.3 32 31.99S417.7 288 400 288z\"><\/path><\/svg>\n\t\t\t\t\t\t\t<\/span>\n\t\t\t<span class=\"uagb-question\">Jaki jest limit skrzynek pocztowych<\/span><\/div><div class=\"uagb-faq-content\"><p>Limit skrzynek pocztowych zale\u017cy od <a href=\"https:\/\/jdm.pl\/hosting-wordpress\/\" target=\"_blank\" rel=\"noreferrer noopener\">wybranego pakietu hostingowego<\/a>. Minimalna wielko\u015b\u0107 jednej skrzynki pocztowej to 1 GB. <\/p><\/div><\/div><div class=\"wp-block-uagb-faq-child uagb-faq-child__outer-wrap uagb-faq-item uagb-block-821b3774 \" role=\"tab\" tabindex=\"0\"><div class=\"uagb-faq-questions-button uagb-faq-questions\">\t\t\t<span class=\"uagb-icon uagb-faq-icon-wrap\">\n\t\t\t\t\t\t\t\t<svg xmlns=\"https:\/\/www.w3.org\/2000\/svg\" viewBox= \"0 0 512 512\"><path d=\"M256 0C114.6 0 0 114.6 0 256s114.6 256 256 256s256-114.6 256-256S397.4 0 256 0zM256 400c-18 0-32-14-32-32s13.1-32 32-32c17.1 0 32 14 32 32S273.1 400 256 400zM325.1 258L280 286V288c0 13-11 24-24 24S232 301 232 288V272c0-8 4-16 12-21l57-34C308 213 312 206 312 198C312 186 301.1 176 289.1 176h-51.1C225.1 176 216 186 216 198c0 13-11 24-24 24s-24-11-24-24C168 159 199 128 237.1 128h51.1C329 128 360 159 360 198C360 222 347 245 325.1 258z\"><\/path><\/svg>\n\t\t\t\t\t\t\t<\/span>\n\t\t\t\t\t\t<span class=\"uagb-icon-active uagb-faq-icon-wrap\">\n\t\t\t\t\t\t\t\t<svg xmlns=\"https:\/\/www.w3.org\/2000\/svg\" viewBox= \"0 0 448 512\"><path d=\"M400 288h-352c-17.69 0-32-14.32-32-32.01s14.31-31.99 32-31.99h352c17.69 0 32 14.3 32 31.99S417.7 288 400 288z\"><\/path><\/svg>\n\t\t\t\t\t\t\t<\/span>\n\t\t\t<span class=\"uagb-question\">Jak za\u0142o\u017cy\u0107 skrzynk\u0119 pocztow\u0105<\/span><\/div><div class=\"uagb-faq-content\"><p>Aby za\u0142o\u017cy\u0107 skrzynk\u0119 pocztow\u0105 w JDM.pl nale\u017cy mie\u0107 wykupiony pakiet hostingowy wraz z podpi\u0119t\u0105 domen\u0105. Nie mo\u017cna zak\u0142ada\u0107 skrzynek na domenie technicznej .jdmsite.com. Posiadanie samej domeny te\u017c uniemo\u017cliwia za\u0142o\u017cenie skrzynki. Nale\u017cy nast\u0119pnie post\u0119powa\u0107 <strong>zgodnie z poradnikiem<\/strong> <a href=\"https:\/\/jdm.pl\/blog\/jak-zalozyc-skrzynke-pocztowa\/\" target=\"_blank\" rel=\"noreferrer noopener\">Jak za\u0142o\u017cy\u0107 skrzynk\u0119 pocztow\u0105<\/a>. <\/p><\/div><\/div><div class=\"wp-block-uagb-faq-child uagb-faq-child__outer-wrap uagb-faq-item uagb-block-cff7afa7 \" role=\"tab\" tabindex=\"0\"><div class=\"uagb-faq-questions-button uagb-faq-questions\">\t\t\t<span class=\"uagb-icon uagb-faq-icon-wrap\">\n\t\t\t\t\t\t\t\t<svg xmlns=\"https:\/\/www.w3.org\/2000\/svg\" viewBox= \"0 0 512 512\"><path d=\"M256 0C114.6 0 0 114.6 0 256s114.6 256 256 256s256-114.6 256-256S397.4 0 256 0zM256 400c-18 0-32-14-32-32s13.1-32 32-32c17.1 0 32 14 32 32S273.1 400 256 400zM325.1 258L280 286V288c0 13-11 24-24 24S232 301 232 288V272c0-8 4-16 12-21l57-34C308 213 312 206 312 198C312 186 301.1 176 289.1 176h-51.1C225.1 176 216 186 216 198c0 13-11 24-24 24s-24-11-24-24C168 159 199 128 237.1 128h51.1C329 128 360 159 360 198C360 222 347 245 325.1 258z\"><\/path><\/svg>\n\t\t\t\t\t\t\t<\/span>\n\t\t\t\t\t\t<span class=\"uagb-icon-active uagb-faq-icon-wrap\">\n\t\t\t\t\t\t\t\t<svg xmlns=\"https:\/\/www.w3.org\/2000\/svg\" viewBox= \"0 0 448 512\"><path d=\"M400 288h-352c-17.69 0-32-14.32-32-32.01s14.31-31.99 32-31.99h352c17.69 0 32 14.3 32 31.99S417.7 288 400 288z\"><\/path><\/svg>\n\t\t\t\t\t\t\t<\/span>\n\t\t\t<span class=\"uagb-question\">Jak zmieni\u0107 pojemno\u015b\u0107 pojedynczej skrzynki pocztowej<\/span><\/div><div class=\"uagb-faq-content\"><p>Aby zmieni\u0107 pojemno\u015b\u0107 pojedynczej skrzynki pocztowej nale\u017cy zalogowa\u0107 si\u0119 do panelu klienta, a nast\u0119pnie <strong>post\u0119powa\u0107 zgodnie z instrukcj\u0105<\/strong> w poradniku <a href=\"https:\/\/jdm.pl\/blog\/przepelniona-skrzynka-pocztowa-na-hostingu\/\" target=\"_blank\" rel=\"noreferrer noopener\">Jak zmieni\u0107 pojemno\u015b\u0107<\/a>. <\/p><\/div><\/div><div class=\"wp-block-uagb-faq-child uagb-faq-child__outer-wrap uagb-faq-item uagb-block-f02658a7 \" role=\"tab\" tabindex=\"0\"><div class=\"uagb-faq-questions-button uagb-faq-questions\">\t\t\t<span class=\"uagb-icon uagb-faq-icon-wrap\">\n\t\t\t\t\t\t\t\t<svg xmlns=\"https:\/\/www.w3.org\/2000\/svg\" viewBox= \"0 0 512 512\"><path d=\"M256 0C114.6 0 0 114.6 0 256s114.6 256 256 256s256-114.6 256-256S397.4 0 256 0zM256 400c-18 0-32-14-32-32s13.1-32 32-32c17.1 0 32 14 32 32S273.1 400 256 400zM325.1 258L280 286V288c0 13-11 24-24 24S232 301 232 288V272c0-8 4-16 12-21l57-34C308 213 312 206 312 198C312 186 301.1 176 289.1 176h-51.1C225.1 176 216 186 216 198c0 13-11 24-24 24s-24-11-24-24C168 159 199 128 237.1 128h51.1C329 128 360 159 360 198C360 222 347 245 325.1 258z\"><\/path><\/svg>\n\t\t\t\t\t\t\t<\/span>\n\t\t\t\t\t\t<span class=\"uagb-icon-active uagb-faq-icon-wrap\">\n\t\t\t\t\t\t\t\t<svg xmlns=\"https:\/\/www.w3.org\/2000\/svg\" viewBox= \"0 0 448 512\"><path d=\"M400 288h-352c-17.69 0-32-14.32-32-32.01s14.31-31.99 32-31.99h352c17.69 0 32 14.3 32 31.99S417.7 288 400 288z\"><\/path><\/svg>\n\t\t\t\t\t\t\t<\/span>\n\t\t\t<span class=\"uagb-question\">Czy mog\u0119 korzysta\u0107 z webmaila<\/span><\/div><div class=\"uagb-faq-content\"><p>Oczywi\u015bcie, jest on dost\u0119pny pod adresem <a href=\"https:\/\/poczta.jdm.pl\">poczta.jdm.pl<\/a> <\/p><\/div><\/div><div class=\"wp-block-uagb-faq-child uagb-faq-child__outer-wrap uagb-faq-item uagb-block-1f81a199 \" role=\"tab\" tabindex=\"0\"><div class=\"uagb-faq-questions-button uagb-faq-questions\">\t\t\t<span class=\"uagb-icon uagb-faq-icon-wrap\">\n\t\t\t\t\t\t\t\t<svg xmlns=\"https:\/\/www.w3.org\/2000\/svg\" viewBox= \"0 0 512 512\"><path d=\"M256 0C114.6 0 0 114.6 0 256s114.6 256 256 256s256-114.6 256-256S397.4 0 256 0zM256 400c-18 0-32-14-32-32s13.1-32 32-32c17.1 0 32 14 32 32S273.1 400 256 400zM325.1 258L280 286V288c0 13-11 24-24 24S232 301 232 288V272c0-8 4-16 12-21l57-34C308 213 312 206 312 198C312 186 301.1 176 289.1 176h-51.1C225.1 176 216 186 216 198c0 13-11 24-24 24s-24-11-24-24C168 159 199 128 237.1 128h51.1C329 128 360 159 360 198C360 222 347 245 325.1 258z\"><\/path><\/svg>\n\t\t\t\t\t\t\t<\/span>\n\t\t\t\t\t\t<span class=\"uagb-icon-active uagb-faq-icon-wrap\">\n\t\t\t\t\t\t\t\t<svg xmlns=\"https:\/\/www.w3.org\/2000\/svg\" viewBox= \"0 0 448 512\"><path d=\"M400 288h-352c-17.69 0-32-14.32-32-32.01s14.31-31.99 32-31.99h352c17.69 0 32 14.3 32 31.99S417.7 288 400 288z\"><\/path><\/svg>\n\t\t\t\t\t\t\t<\/span>\n\t\t\t<span class=\"uagb-question\">Jaka jest alternatywa do poczty hostingowej<\/span><\/div><div class=\"uagb-faq-content\"><p>Zawsze polecamy skorzystanie z alternatywnych rozwi\u0105za\u0144, jak np. poczta we w\u0142asnej domenie w <a href=\"https:\/\/workspace.google.com\/intl\/pl\/business\/\" target=\"_blank\" rel=\"noreferrer noopener\">Google Workspace<\/a>. Nigdy nie ma obowi\u0105zku korzystania z infrastruktury pocztowej hostingu, wi\u0119c nale\u017cy wybra\u0107 najlepsze rozwi\u0105zanie dla siebie. <\/p><\/div><\/div><div class=\"wp-block-uagb-faq-child uagb-faq-child__outer-wrap uagb-faq-item uagb-block-2183b484 \" role=\"tab\" tabindex=\"0\"><div class=\"uagb-faq-questions-button uagb-faq-questions\">\t\t\t<span class=\"uagb-icon uagb-faq-icon-wrap\">\n\t\t\t\t\t\t\t\t<svg xmlns=\"https:\/\/www.w3.org\/2000\/svg\" viewBox= \"0 0 512 512\"><path d=\"M256 0C114.6 0 0 114.6 0 256s114.6 256 256 256s256-114.6 256-256S397.4 0 256 0zM256 400c-18 0-32-14-32-32s13.1-32 32-32c17.1 0 32 14 32 32S273.1 400 256 400zM325.1 258L280 286V288c0 13-11 24-24 24S232 301 232 288V272c0-8 4-16 12-21l57-34C308 213 312 206 312 198C312 186 301.1 176 289.1 176h-51.1C225.1 176 216 186 216 198c0 13-11 24-24 24s-24-11-24-24C168 159 199 128 237.1 128h51.1C329 128 360 159 360 198C360 222 347 245 325.1 258z\"><\/path><\/svg>\n\t\t\t\t\t\t\t<\/span>\n\t\t\t\t\t\t<span class=\"uagb-icon-active uagb-faq-icon-wrap\">\n\t\t\t\t\t\t\t\t<svg xmlns=\"https:\/\/www.w3.org\/2000\/svg\" viewBox= \"0 0 448 512\"><path d=\"M400 288h-352c-17.69 0-32-14.32-32-32.01s14.31-31.99 32-31.99h352c17.69 0 32 14.3 32 31.99S417.7 288 400 288z\"><\/path><\/svg>\n\t\t\t\t\t\t\t<\/span>\n\t\t\t<span class=\"uagb-question\">Jak wybra\u0107 odpowiedni adres e-mail<\/span><\/div><div class=\"uagb-faq-content\"><p>Wyb\u00f3r adresu w domenie jest indywidualn\u0105 kwesti\u0105. Niekt\u00f3re adresy s\u0105 jednak bardziej nara\u017cone na odebrania jako spam ni\u017c inne. Zapraszamy do <strong>zapoznania si\u0119 z poradnikiem<\/strong> <a href=\"https:\/\/jdm.pl\/blog\/czy-adres-e-mail-ma-znaczenie\/\" target=\"_blank\" rel=\"noreferrer noopener\">Jak wybra\u0107 odpowiedni adres e-mail<\/a> <\/p><\/div><\/div><div class=\"wp-block-uagb-faq-child uagb-faq-child__outer-wrap uagb-faq-item uagb-block-be0c6f5f \" role=\"tab\" tabindex=\"0\"><div class=\"uagb-faq-questions-button uagb-faq-questions\">\t\t\t<span class=\"uagb-icon uagb-faq-icon-wrap\">\n\t\t\t\t\t\t\t\t<svg xmlns=\"https:\/\/www.w3.org\/2000\/svg\" viewBox= \"0 0 512 512\"><path d=\"M256 0C114.6 0 0 114.6 0 256s114.6 256 256 256s256-114.6 256-256S397.4 0 256 0zM256 400c-18 0-32-14-32-32s13.1-32 32-32c17.1 0 32 14 32 32S273.1 400 256 400zM325.1 258L280 286V288c0 13-11 24-24 24S232 301 232 288V272c0-8 4-16 12-21l57-34C308 213 312 206 312 198C312 186 301.1 176 289.1 176h-51.1C225.1 176 216 186 216 198c0 13-11 24-24 24s-24-11-24-24C168 159 199 128 237.1 128h51.1C329 128 360 159 360 198C360 222 347 245 325.1 258z\"><\/path><\/svg>\n\t\t\t\t\t\t\t<\/span>\n\t\t\t\t\t\t<span class=\"uagb-icon-active uagb-faq-icon-wrap\">\n\t\t\t\t\t\t\t\t<svg xmlns=\"https:\/\/www.w3.org\/2000\/svg\" viewBox= \"0 0 448 512\"><path d=\"M400 288h-352c-17.69 0-32-14.32-32-32.01s14.31-31.99 32-31.99h352c17.69 0 32 14.3 32 31.99S417.7 288 400 288z\"><\/path><\/svg>\n\t\t\t\t\t\t\t<\/span>\n\t\t\t<span class=\"uagb-question\">Czy w ramach us\u0142ugi jest wykonywany backup poczty<\/span><\/div><div class=\"uagb-faq-content\"><p>Tak, natomiast zalecamy zawsze dba\u0107 o \u015brodowisko pracy i przed usuni\u0119ciem poczty, dok\u0142adnie sprawdzi\u0107, co kasujemy. <\/p><\/div><\/div><\/div>","protected":false},"excerpt":{"rendered":"<p>powr\u00f3t do FAQ Naci\u015bnij na odpowiednie pytanie, aby zobaczy\u0107 odpowied\u017a:<\/p>\n","protected":false},"author":4,"featured_media":0,"parent":3213,"menu_order":0,"comment_status":"closed","ping_status":"closed","template":"","meta":{"_uag_custom_page_level_css":"","_exactmetrics_skip_tracking":false,"_exactmetrics_sitenote_active":false,"_exactmetrics_sitenote_note":"","_exactmetrics_sitenote_category":0,"footnotes":""},"class_list":["post-3253","page","type-page","status-publish","hentry"],"yoast_head":"<!-- This site is optimized with the Yoast SEO plugin v27.4 - https:\/\/yoast.com\/product\/yoast-seo-wordpress\/ -->\n<title>Poczta - Blog jdm.pl<\/title>\n<meta name=\"robots\" content=\"index, follow, max-snippet:-1, max-image-preview:large, max-video-preview:-1\" \/>\n<link rel=\"canonical\" href=\"https:\/\/jdm.pl\/blog\/pytania-i-odpowiedzi\/poczta\/\" \/>\n<meta property=\"og:locale\" content=\"pl_PL\" \/>\n<meta property=\"og:type\" content=\"article\" \/>\n<meta property=\"og:title\" content=\"Poczta - Blog jdm.pl\" \/>\n<meta property=\"og:description\" content=\"powr\u00f3t do FAQ Naci\u015bnij na odpowiednie pytanie, aby zobaczy\u0107 odpowied\u017a:\" \/>\n<meta property=\"og:url\" content=\"https:\/\/jdm.pl\/blog\/pytania-i-odpowiedzi\/poczta\/\" \/>\n<meta property=\"og:site_name\" content=\"Blog jdm.pl\" \/>\n<meta property=\"article:modified_time\" content=\"2023-05-10T20:49:22+00:00\" \/>\n<meta name=\"twitter:card\" content=\"summary_large_image\" \/>\n<meta name=\"twitter:label1\" content=\"Szacowany czas czytania\" \/>\n\t<meta name=\"twitter:data1\" content=\"3 minuty\" \/>\n<script type=\"application\/ld+json\" class=\"yoast-schema-graph\">{\"@context\":\"https:\\\/\\\/schema.org\",\"@graph\":[{\"@type\":\"WebPage\",\"@id\":\"https:\\\/\\\/jdm.pl\\\/blog\\\/pytania-i-odpowiedzi\\\/poczta\\\/\",\"url\":\"https:\\\/\\\/jdm.pl\\\/blog\\\/pytania-i-odpowiedzi\\\/poczta\\\/\",\"name\":\"Poczta - Blog jdm.pl\",\"isPartOf\":{\"@id\":\"https:\\\/\\\/jdm.pl\\\/blog\\\/#website\"},\"datePublished\":\"2023-05-10T20:30:58+00:00\",\"dateModified\":\"2023-05-10T20:49:22+00:00\",\"breadcrumb\":{\"@id\":\"https:\\\/\\\/jdm.pl\\\/blog\\\/pytania-i-odpowiedzi\\\/poczta\\\/#breadcrumb\"},\"inLanguage\":\"pl-PL\",\"potentialAction\":[{\"@type\":\"ReadAction\",\"target\":[\"https:\\\/\\\/jdm.pl\\\/blog\\\/pytania-i-odpowiedzi\\\/poczta\\\/\"]}]},{\"@type\":\"BreadcrumbList\",\"@id\":\"https:\\\/\\\/jdm.pl\\\/blog\\\/pytania-i-odpowiedzi\\\/poczta\\\/#breadcrumb\",\"itemListElement\":[{\"@type\":\"ListItem\",\"position\":1,\"name\":\"Strona g\u0142\u00f3wna\",\"item\":\"https:\\\/\\\/jdm.pl\\\/blog\\\/\"},{\"@type\":\"ListItem\",\"position\":2,\"name\":\"Pytania i odpowiedzi\",\"item\":\"https:\\\/\\\/jdm.pl\\\/blog\\\/pytania-i-odpowiedzi\\\/\"},{\"@type\":\"ListItem\",\"position\":3,\"name\":\"Poczta\"}]},{\"@type\":\"WebSite\",\"@id\":\"https:\\\/\\\/jdm.pl\\\/blog\\\/#website\",\"url\":\"https:\\\/\\\/jdm.pl\\\/blog\\\/\",\"name\":\"Blog jdm.pl\",\"description\":\"WordPress tutoriale i porady\",\"potentialAction\":[{\"@type\":\"SearchAction\",\"target\":{\"@type\":\"EntryPoint\",\"urlTemplate\":\"https:\\\/\\\/jdm.pl\\\/blog\\\/?s={search_term_string}\"},\"query-input\":{\"@type\":\"PropertyValueSpecification\",\"valueRequired\":true,\"valueName\":\"search_term_string\"}}],\"inLanguage\":\"pl-PL\"}]}<\/script>\n<!-- \/ Yoast SEO plugin. -->","yoast_head_json":{"title":"Poczta - Blog jdm.pl","robots":{"index":"index","follow":"follow","max-snippet":"max-snippet:-1","max-image-preview":"max-image-preview:large","max-video-preview":"max-video-preview:-1"},"canonical":"https:\/\/jdm.pl\/blog\/pytania-i-odpowiedzi\/poczta\/","og_locale":"pl_PL","og_type":"article","og_title":"Poczta - Blog jdm.pl","og_description":"powr\u00f3t do FAQ Naci\u015bnij na odpowiednie pytanie, aby zobaczy\u0107 odpowied\u017a:","og_url":"https:\/\/jdm.pl\/blog\/pytania-i-odpowiedzi\/poczta\/","og_site_name":"Blog jdm.pl","article_modified_time":"2023-05-10T20:49:22+00:00","twitter_card":"summary_large_image","twitter_misc":{"Szacowany czas czytania":"3 minuty"},"schema":{"@context":"https:\/\/schema.org","@graph":[{"@type":"WebPage","@id":"https:\/\/jdm.pl\/blog\/pytania-i-odpowiedzi\/poczta\/","url":"https:\/\/jdm.pl\/blog\/pytania-i-odpowiedzi\/poczta\/","name":"Poczta - Blog jdm.pl","isPartOf":{"@id":"https:\/\/jdm.pl\/blog\/#website"},"datePublished":"2023-05-10T20:30:58+00:00","dateModified":"2023-05-10T20:49:22+00:00","breadcrumb":{"@id":"https:\/\/jdm.pl\/blog\/pytania-i-odpowiedzi\/poczta\/#breadcrumb"},"inLanguage":"pl-PL","potentialAction":[{"@type":"ReadAction","target":["https:\/\/jdm.pl\/blog\/pytania-i-odpowiedzi\/poczta\/"]}]},{"@type":"BreadcrumbList","@id":"https:\/\/jdm.pl\/blog\/pytania-i-odpowiedzi\/poczta\/#breadcrumb","itemListElement":[{"@type":"ListItem","position":1,"name":"Strona g\u0142\u00f3wna","item":"https:\/\/jdm.pl\/blog\/"},{"@type":"ListItem","position":2,"name":"Pytania i odpowiedzi","item":"https:\/\/jdm.pl\/blog\/pytania-i-odpowiedzi\/"},{"@type":"ListItem","position":3,"name":"Poczta"}]},{"@type":"WebSite","@id":"https:\/\/jdm.pl\/blog\/#website","url":"https:\/\/jdm.pl\/blog\/","name":"Blog jdm.pl","description":"WordPress tutoriale i porady","potentialAction":[{"@type":"SearchAction","target":{"@type":"EntryPoint","urlTemplate":"https:\/\/jdm.pl\/blog\/?s={search_term_string}"},"query-input":{"@type":"PropertyValueSpecification","valueRequired":true,"valueName":"search_term_string"}}],"inLanguage":"pl-PL"}]}},"uagb_featured_image_src":{"full":false,"thumbnail":false,"medium":false,"medium_large":false,"large":false,"hd_qu_size2":false,"1536x1536":false,"2048x2048":false,"sidebar-thumb":false},"uagb_author_info":{"display_name":"Anna Starek-Wr\u00f3bel","author_link":"https:\/\/jdm.pl\/blog\/author\/anna-starek\/"},"uagb_comment_info":0,"uagb_excerpt":"powr\u00f3t do FAQ Naci\u015bnij na odpowiednie pytanie, aby zobaczy\u0107 odpowied\u017a:","jetpack_sharing_enabled":true,"_links":{"self":[{"href":"https:\/\/jdm.pl\/blog\/wp-json\/wp\/v2\/pages\/3253","targetHints":{"allow":["GET"]}}],"collection":[{"href":"https:\/\/jdm.pl\/blog\/wp-json\/wp\/v2\/pages"}],"about":[{"href":"https:\/\/jdm.pl\/blog\/wp-json\/wp\/v2\/types\/page"}],"author":[{"embeddable":true,"href":"https:\/\/jdm.pl\/blog\/wp-json\/wp\/v2\/users\/4"}],"replies":[{"embeddable":true,"href":"https:\/\/jdm.pl\/blog\/wp-json\/wp\/v2\/comments?post=3253"}],"version-history":[{"count":4,"href":"https:\/\/jdm.pl\/blog\/wp-json\/wp\/v2\/pages\/3253\/revisions"}],"predecessor-version":[{"id":3259,"href":"https:\/\/jdm.pl\/blog\/wp-json\/wp\/v2\/pages\/3253\/revisions\/3259"}],"up":[{"embeddable":true,"href":"https:\/\/jdm.pl\/blog\/wp-json\/wp\/v2\/pages\/3213"}],"wp:attachment":[{"href":"https:\/\/jdm.pl\/blog\/wp-json\/wp\/v2\/media?parent=3253"}],"curies":[{"name":"wp","href":"https:\/\/api.w.org\/{rel}","templated":true}]}}