{"id":3246,"date":"2023-05-10T22:03:51","date_gmt":"2023-05-10T20:03:51","guid":{"rendered":"https:\/\/jdm.pl\/blog\/?page_id=3246"},"modified":"2023-05-11T14:52:31","modified_gmt":"2023-05-11T12:52:31","slug":"certyfikaty-ssl","status":"publish","type":"page","link":"https:\/\/jdm.pl\/blog\/pytania-i-odpowiedzi\/certyfikaty-ssl\/","title":{"rendered":"Certyfikaty SSL"},"content":{"rendered":"\n<div style=\"height:20px\" aria-hidden=\"true\" class=\"wp-block-spacer\"><\/div>\n\n\n\n<p class=\"has-text-align-center has-small-font-size\"><a href=\"https:\/\/jdm.pl\/blog\/pytania-i-odpowiedzi\/\">powr\u00f3t do FAQ<\/a><\/p>\n\n\n\n<p>Naci\u015bnij na odpowiednie pytanie, aby zobaczy\u0107 odpowied\u017a:<\/p>\n\n\n<div class=\"wp-block-uagb-faq uagb-faq__outer-wrap uagb-block-b71dc1ab uagb-faq-icon-row uagb-faq-layout-accordion uagb-faq-expand-first-true uagb-faq-inactive-other-true uagb-faq__wrap uagb-buttons-layout-wrap uagb-faq-equal-height     \" data-faqtoggle=\"true\" role=\"tablist\"><div class=\"wp-block-uagb-faq-child uagb-faq-child__outer-wrap uagb-faq-item uagb-block-8d957386 \" role=\"tab\" tabindex=\"0\"><div class=\"uagb-faq-questions-button uagb-faq-questions\">\t\t\t<span class=\"uagb-icon uagb-faq-icon-wrap\">\n\t\t\t\t\t\t\t\t<svg xmlns=\"https:\/\/www.w3.org\/2000\/svg\" viewBox= \"0 0 512 512\"><path d=\"M256 0C114.6 0 0 114.6 0 256s114.6 256 256 256s256-114.6 256-256S397.4 0 256 0zM256 400c-18 0-32-14-32-32s13.1-32 32-32c17.1 0 32 14 32 32S273.1 400 256 400zM325.1 258L280 286V288c0 13-11 24-24 24S232 301 232 288V272c0-8 4-16 12-21l57-34C308 213 312 206 312 198C312 186 301.1 176 289.1 176h-51.1C225.1 176 216 186 216 198c0 13-11 24-24 24s-24-11-24-24C168 159 199 128 237.1 128h51.1C329 128 360 159 360 198C360 222 347 245 325.1 258z\"><\/path><\/svg>\n\t\t\t\t\t\t\t<\/span>\n\t\t\t\t\t\t<span class=\"uagb-icon-active uagb-faq-icon-wrap\">\n\t\t\t\t\t\t\t\t<svg xmlns=\"https:\/\/www.w3.org\/2000\/svg\" viewBox= \"0 0 448 512\"><path d=\"M400 288h-352c-17.69 0-32-14.32-32-32.01s14.31-31.99 32-31.99h352c17.69 0 32 14.3 32 31.99S417.7 288 400 288z\"><\/path><\/svg>\n\t\t\t\t\t\t\t<\/span>\n\t\t\t<span class=\"uagb-question\">Czy w cenie hostingu jest certyfikat SSL<\/span><\/div><div class=\"uagb-faq-content\"><p>Tak, oferujemy do ka\u017cdej instancji WordPressa darmowy certyfikat SSL.<\/p><\/div><\/div><div class=\"wp-block-uagb-faq-child uagb-faq-child__outer-wrap uagb-faq-item uagb-block-c0cd613d \" role=\"tab\" tabindex=\"0\"><div class=\"uagb-faq-questions-button uagb-faq-questions\">\t\t\t<span class=\"uagb-icon uagb-faq-icon-wrap\">\n\t\t\t\t\t\t\t\t<svg xmlns=\"https:\/\/www.w3.org\/2000\/svg\" viewBox= \"0 0 512 512\"><path d=\"M256 0C114.6 0 0 114.6 0 256s114.6 256 256 256s256-114.6 256-256S397.4 0 256 0zM256 400c-18 0-32-14-32-32s13.1-32 32-32c17.1 0 32 14 32 32S273.1 400 256 400zM325.1 258L280 286V288c0 13-11 24-24 24S232 301 232 288V272c0-8 4-16 12-21l57-34C308 213 312 206 312 198C312 186 301.1 176 289.1 176h-51.1C225.1 176 216 186 216 198c0 13-11 24-24 24s-24-11-24-24C168 159 199 128 237.1 128h51.1C329 128 360 159 360 198C360 222 347 245 325.1 258z\"><\/path><\/svg>\n\t\t\t\t\t\t\t<\/span>\n\t\t\t\t\t\t<span class=\"uagb-icon-active uagb-faq-icon-wrap\">\n\t\t\t\t\t\t\t\t<svg xmlns=\"https:\/\/www.w3.org\/2000\/svg\" viewBox= \"0 0 448 512\"><path d=\"M400 288h-352c-17.69 0-32-14.32-32-32.01s14.31-31.99 32-31.99h352c17.69 0 32 14.3 32 31.99S417.7 288 400 288z\"><\/path><\/svg>\n\t\t\t\t\t\t\t<\/span>\n\t\t\t<span class=\"uagb-question\">Czy certyfikat sam si\u0119 odnawia<\/span><\/div><div class=\"uagb-faq-content\"><p>Tak. Nie trzeba wykonywa\u0107 \u017cadnych dzia\u0142a\u0144. Tak d\u0142ugo, jak jest op\u0142acany pakiet hostingowy, certyfikat do niego jest aktywny. <\/p><\/div><\/div><div class=\"wp-block-uagb-faq-child uagb-faq-child__outer-wrap uagb-faq-item uagb-block-cebdc6a0 \" role=\"tab\" tabindex=\"0\"><div class=\"uagb-faq-questions-button uagb-faq-questions\">\t\t\t<span class=\"uagb-icon uagb-faq-icon-wrap\">\n\t\t\t\t\t\t\t\t<svg xmlns=\"https:\/\/www.w3.org\/2000\/svg\" viewBox= \"0 0 512 512\"><path d=\"M256 0C114.6 0 0 114.6 0 256s114.6 256 256 256s256-114.6 256-256S397.4 0 256 0zM256 400c-18 0-32-14-32-32s13.1-32 32-32c17.1 0 32 14 32 32S273.1 400 256 400zM325.1 258L280 286V288c0 13-11 24-24 24S232 301 232 288V272c0-8 4-16 12-21l57-34C308 213 312 206 312 198C312 186 301.1 176 289.1 176h-51.1C225.1 176 216 186 216 198c0 13-11 24-24 24s-24-11-24-24C168 159 199 128 237.1 128h51.1C329 128 360 159 360 198C360 222 347 245 325.1 258z\"><\/path><\/svg>\n\t\t\t\t\t\t\t<\/span>\n\t\t\t\t\t\t<span class=\"uagb-icon-active uagb-faq-icon-wrap\">\n\t\t\t\t\t\t\t\t<svg xmlns=\"https:\/\/www.w3.org\/2000\/svg\" viewBox= \"0 0 448 512\"><path d=\"M400 288h-352c-17.69 0-32-14.32-32-32.01s14.31-31.99 32-31.99h352c17.69 0 32 14.3 32 31.99S417.7 288 400 288z\"><\/path><\/svg>\n\t\t\t\t\t\t\t<\/span>\n\t\t\t<span class=\"uagb-question\">Ile kosztuje aktywacja certyfikatu SSL<\/span><\/div><div class=\"uagb-faq-content\"><p>Aktywacja jest bezp\u0142atna. Mo\u017cna j\u0105 wykona\u0107 w panelu klienta, wybieraj\u0105c dzia\u0142 <em>Hosting<\/em>, a nast\u0119pnie klikaj\u0105c w szczeg\u00f3\u0142y wybranej us\u0142ugi oraz dzia\u0142 <em>SSL<\/em>.<\/p><\/div><\/div><div class=\"wp-block-uagb-faq-child uagb-faq-child__outer-wrap uagb-faq-item uagb-block-ca48ba56 \" role=\"tab\" tabindex=\"0\"><div class=\"uagb-faq-questions-button uagb-faq-questions\">\t\t\t<span class=\"uagb-icon uagb-faq-icon-wrap\">\n\t\t\t\t\t\t\t\t<svg xmlns=\"https:\/\/www.w3.org\/2000\/svg\" viewBox= \"0 0 512 512\"><path d=\"M256 0C114.6 0 0 114.6 0 256s114.6 256 256 256s256-114.6 256-256S397.4 0 256 0zM256 400c-18 0-32-14-32-32s13.1-32 32-32c17.1 0 32 14 32 32S273.1 400 256 400zM325.1 258L280 286V288c0 13-11 24-24 24S232 301 232 288V272c0-8 4-16 12-21l57-34C308 213 312 206 312 198C312 186 301.1 176 289.1 176h-51.1C225.1 176 216 186 216 198c0 13-11 24-24 24s-24-11-24-24C168 159 199 128 237.1 128h51.1C329 128 360 159 360 198C360 222 347 245 325.1 258z\"><\/path><\/svg>\n\t\t\t\t\t\t\t<\/span>\n\t\t\t\t\t\t<span class=\"uagb-icon-active uagb-faq-icon-wrap\">\n\t\t\t\t\t\t\t\t<svg xmlns=\"https:\/\/www.w3.org\/2000\/svg\" viewBox= \"0 0 448 512\"><path d=\"M400 288h-352c-17.69 0-32-14.32-32-32.01s14.31-31.99 32-31.99h352c17.69 0 32 14.3 32 31.99S417.7 288 400 288z\"><\/path><\/svg>\n\t\t\t\t\t\t\t<\/span>\n\t\t\t<span class=\"uagb-question\">Ile kosztuje instalacja certyfikatu SSL<\/span><\/div><div class=\"uagb-faq-content\"><p>Instalacja jest bezp\u0142atna. W razie konieczno\u015bci pomocy, prosimy o wys\u0142anie zg\u0142oszenia.<\/p><\/div><\/div><div class=\"wp-block-uagb-faq-child uagb-faq-child__outer-wrap uagb-faq-item uagb-block-10270dbc \" role=\"tab\" tabindex=\"0\"><div class=\"uagb-faq-questions-button uagb-faq-questions\">\t\t\t<span class=\"uagb-icon uagb-faq-icon-wrap\">\n\t\t\t\t\t\t\t\t<svg xmlns=\"https:\/\/www.w3.org\/2000\/svg\" viewBox= \"0 0 512 512\"><path d=\"M256 0C114.6 0 0 114.6 0 256s114.6 256 256 256s256-114.6 256-256S397.4 0 256 0zM256 400c-18 0-32-14-32-32s13.1-32 32-32c17.1 0 32 14 32 32S273.1 400 256 400zM325.1 258L280 286V288c0 13-11 24-24 24S232 301 232 288V272c0-8 4-16 12-21l57-34C308 213 312 206 312 198C312 186 301.1 176 289.1 176h-51.1C225.1 176 216 186 216 198c0 13-11 24-24 24s-24-11-24-24C168 159 199 128 237.1 128h51.1C329 128 360 159 360 198C360 222 347 245 325.1 258z\"><\/path><\/svg>\n\t\t\t\t\t\t\t<\/span>\n\t\t\t\t\t\t<span class=\"uagb-icon-active uagb-faq-icon-wrap\">\n\t\t\t\t\t\t\t\t<svg xmlns=\"https:\/\/www.w3.org\/2000\/svg\" viewBox= \"0 0 448 512\"><path d=\"M400 288h-352c-17.69 0-32-14.32-32-32.01s14.31-31.99 32-31.99h352c17.69 0 32 14.3 32 31.99S417.7 288 400 288z\"><\/path><\/svg>\n\t\t\t\t\t\t\t<\/span>\n\t\t\t<span class=\"uagb-question\">Czy lepszy jest certyfikat p\u0142atny czy bezp\u0142atny<\/span><\/div><div class=\"uagb-faq-content\"><p>Z punktu widzenia kryptograficznego nie ma \u017cadnej r\u00f3\u017cnicy. <br><strong>Zobacz te\u017c: <\/strong><a href=\"https:\/\/jdm.pl\/blog\/obalamy-mity-o-ssl-cz-i-darmowy-certyfikat\/\" target=\"_blank\" rel=\"noreferrer noopener\">Obalamy mity o SSL<\/a>. <\/p><\/div><\/div><div class=\"wp-block-uagb-faq-child uagb-faq-child__outer-wrap uagb-faq-item uagb-block-5777cd57 \" role=\"tab\" tabindex=\"0\"><div class=\"uagb-faq-questions-button uagb-faq-questions\">\t\t\t<span class=\"uagb-icon uagb-faq-icon-wrap\">\n\t\t\t\t\t\t\t\t<svg xmlns=\"https:\/\/www.w3.org\/2000\/svg\" viewBox= \"0 0 512 512\"><path d=\"M256 0C114.6 0 0 114.6 0 256s114.6 256 256 256s256-114.6 256-256S397.4 0 256 0zM256 400c-18 0-32-14-32-32s13.1-32 32-32c17.1 0 32 14 32 32S273.1 400 256 400zM325.1 258L280 286V288c0 13-11 24-24 24S232 301 232 288V272c0-8 4-16 12-21l57-34C308 213 312 206 312 198C312 186 301.1 176 289.1 176h-51.1C225.1 176 216 186 216 198c0 13-11 24-24 24s-24-11-24-24C168 159 199 128 237.1 128h51.1C329 128 360 159 360 198C360 222 347 245 325.1 258z\"><\/path><\/svg>\n\t\t\t\t\t\t\t<\/span>\n\t\t\t\t\t\t<span class=\"uagb-icon-active uagb-faq-icon-wrap\">\n\t\t\t\t\t\t\t\t<svg xmlns=\"https:\/\/www.w3.org\/2000\/svg\" viewBox= \"0 0 448 512\"><path d=\"M400 288h-352c-17.69 0-32-14.32-32-32.01s14.31-31.99 32-31.99h352c17.69 0 32 14.3 32 31.99S417.7 288 400 288z\"><\/path><\/svg>\n\t\t\t\t\t\t\t<\/span>\n\t\t\t<span class=\"uagb-question\">Jak mog\u0119 sprawdzi\u0107, dlaczego na niekt\u00f3rych podstronach nie widz\u0119 bezpiecznego po\u0142\u0105czenia<\/span><\/div><div class=\"uagb-faq-content\"><p>Aby sprawdzi\u0107, dlaczego tak si\u0119 dzieje rekomendujemy bezp\u0142atny test w <a href=\"https:\/\/www.whynopadlock.com\/\">whynopadlock.com<\/a><\/p><\/div><\/div><div class=\"wp-block-uagb-faq-child uagb-faq-child__outer-wrap uagb-faq-item uagb-block-932c178c \" role=\"tab\" tabindex=\"0\"><div class=\"uagb-faq-questions-button uagb-faq-questions\">\t\t\t<span class=\"uagb-icon uagb-faq-icon-wrap\">\n\t\t\t\t\t\t\t\t<svg xmlns=\"https:\/\/www.w3.org\/2000\/svg\" viewBox= \"0 0 512 512\"><path d=\"M256 0C114.6 0 0 114.6 0 256s114.6 256 256 256s256-114.6 256-256S397.4 0 256 0zM256 400c-18 0-32-14-32-32s13.1-32 32-32c17.1 0 32 14 32 32S273.1 400 256 400zM325.1 258L280 286V288c0 13-11 24-24 24S232 301 232 288V272c0-8 4-16 12-21l57-34C308 213 312 206 312 198C312 186 301.1 176 289.1 176h-51.1C225.1 176 216 186 216 198c0 13-11 24-24 24s-24-11-24-24C168 159 199 128 237.1 128h51.1C329 128 360 159 360 198C360 222 347 245 325.1 258z\"><\/path><\/svg>\n\t\t\t\t\t\t\t<\/span>\n\t\t\t\t\t\t<span class=\"uagb-icon-active uagb-faq-icon-wrap\">\n\t\t\t\t\t\t\t\t<svg xmlns=\"https:\/\/www.w3.org\/2000\/svg\" viewBox= \"0 0 448 512\"><path d=\"M400 288h-352c-17.69 0-32-14.32-32-32.01s14.31-31.99 32-31.99h352c17.69 0 32 14.3 32 31.99S417.7 288 400 288z\"><\/path><\/svg>\n\t\t\t\t\t\t\t<\/span>\n\t\t\t<span class=\"uagb-question\">Mam wykupion\u0105 jedynie domen\u0119, czy mog\u0119 liczy\u0107 na certyfikat SSL<\/span><\/div><div class=\"uagb-faq-content\"><p>Nie, certyfikaty s\u0105 przypisane do pakietu hostingowego.<\/p><\/div><\/div><div class=\"wp-block-uagb-faq-child uagb-faq-child__outer-wrap uagb-faq-item uagb-block-55cc1ac1 \" role=\"tab\" tabindex=\"0\"><div class=\"uagb-faq-questions-button uagb-faq-questions\">\t\t\t<span class=\"uagb-icon uagb-faq-icon-wrap\">\n\t\t\t\t\t\t\t\t<svg xmlns=\"https:\/\/www.w3.org\/2000\/svg\" viewBox= \"0 0 512 512\"><path d=\"M256 0C114.6 0 0 114.6 0 256s114.6 256 256 256s256-114.6 256-256S397.4 0 256 0zM256 400c-18 0-32-14-32-32s13.1-32 32-32c17.1 0 32 14 32 32S273.1 400 256 400zM325.1 258L280 286V288c0 13-11 24-24 24S232 301 232 288V272c0-8 4-16 12-21l57-34C308 213 312 206 312 198C312 186 301.1 176 289.1 176h-51.1C225.1 176 216 186 216 198c0 13-11 24-24 24s-24-11-24-24C168 159 199 128 237.1 128h51.1C329 128 360 159 360 198C360 222 347 245 325.1 258z\"><\/path><\/svg>\n\t\t\t\t\t\t\t<\/span>\n\t\t\t\t\t\t<span class=\"uagb-icon-active uagb-faq-icon-wrap\">\n\t\t\t\t\t\t\t\t<svg xmlns=\"https:\/\/www.w3.org\/2000\/svg\" viewBox= \"0 0 448 512\"><path d=\"M400 288h-352c-17.69 0-32-14.32-32-32.01s14.31-31.99 32-31.99h352c17.69 0 32 14.3 32 31.99S417.7 288 400 288z\"><\/path><\/svg>\n\t\t\t\t\t\t\t<\/span>\n\t\t\t<span class=\"uagb-question\">Czy SSL si\u0119 w\u0142\u0105czy automatycznie<\/span><\/div><div class=\"uagb-faq-content\"><p>Nie, domy\u015blnie nowe instancje WordPressa nie maj\u0105 certyfikatu. Mo\u017cna go aktywowa\u0107 samodzielnie w panelu klienta, wybieraj\u0105c dzia\u0142 <em>Hosting<\/em>, a nast\u0119pnie klikaj\u0105c w szczeg\u00f3\u0142y wybranej us\u0142ugi oraz dzia\u0142 <em>SSL<\/em>.<\/p><\/div><\/div><div class=\"wp-block-uagb-faq-child uagb-faq-child__outer-wrap uagb-faq-item uagb-block-70c78116 \" role=\"tab\" tabindex=\"0\"><div class=\"uagb-faq-questions-button uagb-faq-questions\">\t\t\t<span class=\"uagb-icon uagb-faq-icon-wrap\">\n\t\t\t\t\t\t\t\t<svg xmlns=\"https:\/\/www.w3.org\/2000\/svg\" viewBox= \"0 0 512 512\"><path d=\"M256 0C114.6 0 0 114.6 0 256s114.6 256 256 256s256-114.6 256-256S397.4 0 256 0zM256 400c-18 0-32-14-32-32s13.1-32 32-32c17.1 0 32 14 32 32S273.1 400 256 400zM325.1 258L280 286V288c0 13-11 24-24 24S232 301 232 288V272c0-8 4-16 12-21l57-34C308 213 312 206 312 198C312 186 301.1 176 289.1 176h-51.1C225.1 176 216 186 216 198c0 13-11 24-24 24s-24-11-24-24C168 159 199 128 237.1 128h51.1C329 128 360 159 360 198C360 222 347 245 325.1 258z\"><\/path><\/svg>\n\t\t\t\t\t\t\t<\/span>\n\t\t\t\t\t\t<span class=\"uagb-icon-active uagb-faq-icon-wrap\">\n\t\t\t\t\t\t\t\t<svg xmlns=\"https:\/\/www.w3.org\/2000\/svg\" viewBox= \"0 0 448 512\"><path d=\"M400 288h-352c-17.69 0-32-14.32-32-32.01s14.31-31.99 32-31.99h352c17.69 0 32 14.3 32 31.99S417.7 288 400 288z\"><\/path><\/svg>\n\t\t\t\t\t\t\t<\/span>\n\t\t\t<span class=\"uagb-question\">Czy moc szyfrowania zale\u017cy od certyfikatu<\/span><\/div><div class=\"uagb-faq-content\"><p>Moc szyfrowania nie zale\u017cy od wybranego certyfikatu, ale od konfiguracji serwera, kt\u00f3ra le\u017cy w kompetencjach administratora. To on ustala jakie algorytmy s\u0105 ustawiane (z jak\u0105 si\u0142a szyfrowania). W przypadku JDM.PL s\u0105 to AES256\/AES128 i ChaCha20-Poly1305.<br><strong>Zobacz te\u017c:<\/strong> <a href=\"https:\/\/jdm.pl\/blog\/obalamy-mity-o-ssl-cz-ii-rodzaj-certyfikatu-a-sila-szyfrowania\/\" target=\"_blank\" rel=\"noreferrer noopener\">Rodzaj certyfikatu a si\u0142a szyfrowania<\/a><\/p><\/div><\/div><div class=\"wp-block-uagb-faq-child uagb-faq-child__outer-wrap uagb-faq-item uagb-block-8a4376af \" role=\"tab\" tabindex=\"0\"><div class=\"uagb-faq-questions-button uagb-faq-questions\">\t\t\t<span class=\"uagb-icon uagb-faq-icon-wrap\">\n\t\t\t\t\t\t\t\t<svg xmlns=\"https:\/\/www.w3.org\/2000\/svg\" viewBox= \"0 0 512 512\"><path d=\"M256 0C114.6 0 0 114.6 0 256s114.6 256 256 256s256-114.6 256-256S397.4 0 256 0zM256 400c-18 0-32-14-32-32s13.1-32 32-32c17.1 0 32 14 32 32S273.1 400 256 400zM325.1 258L280 286V288c0 13-11 24-24 24S232 301 232 288V272c0-8 4-16 12-21l57-34C308 213 312 206 312 198C312 186 301.1 176 289.1 176h-51.1C225.1 176 216 186 216 198c0 13-11 24-24 24s-24-11-24-24C168 159 199 128 237.1 128h51.1C329 128 360 159 360 198C360 222 347 245 325.1 258z\"><\/path><\/svg>\n\t\t\t\t\t\t\t<\/span>\n\t\t\t\t\t\t<span class=\"uagb-icon-active uagb-faq-icon-wrap\">\n\t\t\t\t\t\t\t\t<svg xmlns=\"https:\/\/www.w3.org\/2000\/svg\" viewBox= \"0 0 448 512\"><path d=\"M400 288h-352c-17.69 0-32-14.32-32-32.01s14.31-31.99 32-31.99h352c17.69 0 32 14.3 32 31.99S417.7 288 400 288z\"><\/path><\/svg>\n\t\t\t\t\t\t\t<\/span>\n\t\t\t<span class=\"uagb-question\">Czy mog\u0119 mie\u0107 p\u0142atny certyfikat (mam zakupiony)<\/span><\/div><div class=\"uagb-faq-content\"><p>Tak, oczywi\u015bcie. <\/p><\/div><\/div><div class=\"wp-block-uagb-faq-child uagb-faq-child__outer-wrap uagb-faq-item uagb-block-d61ef18e \" role=\"tab\" tabindex=\"0\"><div class=\"uagb-faq-questions-button uagb-faq-questions\">\t\t\t<span class=\"uagb-icon uagb-faq-icon-wrap\">\n\t\t\t\t\t\t\t\t<svg xmlns=\"https:\/\/www.w3.org\/2000\/svg\" viewBox= \"0 0 512 512\"><path d=\"M256 0C114.6 0 0 114.6 0 256s114.6 256 256 256s256-114.6 256-256S397.4 0 256 0zM256 400c-18 0-32-14-32-32s13.1-32 32-32c17.1 0 32 14 32 32S273.1 400 256 400zM325.1 258L280 286V288c0 13-11 24-24 24S232 301 232 288V272c0-8 4-16 12-21l57-34C308 213 312 206 312 198C312 186 301.1 176 289.1 176h-51.1C225.1 176 216 186 216 198c0 13-11 24-24 24s-24-11-24-24C168 159 199 128 237.1 128h51.1C329 128 360 159 360 198C360 222 347 245 325.1 258z\"><\/path><\/svg>\n\t\t\t\t\t\t\t<\/span>\n\t\t\t\t\t\t<span class=\"uagb-icon-active uagb-faq-icon-wrap\">\n\t\t\t\t\t\t\t\t<svg xmlns=\"https:\/\/www.w3.org\/2000\/svg\" viewBox= \"0 0 448 512\"><path d=\"M400 288h-352c-17.69 0-32-14.32-32-32.01s14.31-31.99 32-31.99h352c17.69 0 32 14.3 32 31.99S417.7 288 400 288z\"><\/path><\/svg>\n\t\t\t\t\t\t\t<\/span>\n\t\t\t<span class=\"uagb-question\">Czy sprzedajecie p\u0142atne certyfikaty SSL<\/span><\/div><div class=\"uagb-faq-content\"><p>Nie. <\/p><\/div><\/div><\/div>","protected":false},"excerpt":{"rendered":"<p>powr\u00f3t do FAQ Naci\u015bnij na odpowiednie pytanie, aby zobaczy\u0107 odpowied\u017a:<\/p>\n","protected":false},"author":4,"featured_media":0,"parent":3213,"menu_order":0,"comment_status":"closed","ping_status":"closed","template":"","meta":{"_uag_custom_page_level_css":"","_exactmetrics_skip_tracking":false,"_exactmetrics_sitenote_active":false,"_exactmetrics_sitenote_note":"","_exactmetrics_sitenote_category":0,"footnotes":""},"class_list":["post-3246","page","type-page","status-publish","hentry"],"yoast_head":"<!-- This site is optimized with the Yoast SEO plugin v27.4 - https:\/\/yoast.com\/product\/yoast-seo-wordpress\/ -->\n<title>Certyfikaty SSL - Blog jdm.pl<\/title>\n<meta name=\"robots\" content=\"index, follow, max-snippet:-1, max-image-preview:large, max-video-preview:-1\" \/>\n<link rel=\"canonical\" href=\"https:\/\/jdm.pl\/blog\/pytania-i-odpowiedzi\/certyfikaty-ssl\/\" \/>\n<meta property=\"og:locale\" content=\"pl_PL\" \/>\n<meta property=\"og:type\" content=\"article\" \/>\n<meta property=\"og:title\" content=\"Certyfikaty SSL - Blog jdm.pl\" \/>\n<meta property=\"og:description\" content=\"powr\u00f3t do FAQ Naci\u015bnij na odpowiednie pytanie, aby zobaczy\u0107 odpowied\u017a:\" \/>\n<meta property=\"og:url\" content=\"https:\/\/jdm.pl\/blog\/pytania-i-odpowiedzi\/certyfikaty-ssl\/\" \/>\n<meta property=\"og:site_name\" content=\"Blog jdm.pl\" \/>\n<meta property=\"article:modified_time\" content=\"2023-05-11T12:52:31+00:00\" \/>\n<meta name=\"twitter:card\" content=\"summary_large_image\" \/>\n<meta name=\"twitter:label1\" content=\"Szacowany czas czytania\" \/>\n\t<meta name=\"twitter:data1\" content=\"2 minuty\" \/>\n<script type=\"application\/ld+json\" class=\"yoast-schema-graph\">{\"@context\":\"https:\\\/\\\/schema.org\",\"@graph\":[{\"@type\":\"WebPage\",\"@id\":\"https:\\\/\\\/jdm.pl\\\/blog\\\/pytania-i-odpowiedzi\\\/certyfikaty-ssl\\\/\",\"url\":\"https:\\\/\\\/jdm.pl\\\/blog\\\/pytania-i-odpowiedzi\\\/certyfikaty-ssl\\\/\",\"name\":\"Certyfikaty SSL - Blog jdm.pl\",\"isPartOf\":{\"@id\":\"https:\\\/\\\/jdm.pl\\\/blog\\\/#website\"},\"datePublished\":\"2023-05-10T20:03:51+00:00\",\"dateModified\":\"2023-05-11T12:52:31+00:00\",\"breadcrumb\":{\"@id\":\"https:\\\/\\\/jdm.pl\\\/blog\\\/pytania-i-odpowiedzi\\\/certyfikaty-ssl\\\/#breadcrumb\"},\"inLanguage\":\"pl-PL\",\"potentialAction\":[{\"@type\":\"ReadAction\",\"target\":[\"https:\\\/\\\/jdm.pl\\\/blog\\\/pytania-i-odpowiedzi\\\/certyfikaty-ssl\\\/\"]}]},{\"@type\":\"BreadcrumbList\",\"@id\":\"https:\\\/\\\/jdm.pl\\\/blog\\\/pytania-i-odpowiedzi\\\/certyfikaty-ssl\\\/#breadcrumb\",\"itemListElement\":[{\"@type\":\"ListItem\",\"position\":1,\"name\":\"Strona g\u0142\u00f3wna\",\"item\":\"https:\\\/\\\/jdm.pl\\\/blog\\\/\"},{\"@type\":\"ListItem\",\"position\":2,\"name\":\"Pytania i odpowiedzi\",\"item\":\"https:\\\/\\\/jdm.pl\\\/blog\\\/pytania-i-odpowiedzi\\\/\"},{\"@type\":\"ListItem\",\"position\":3,\"name\":\"Certyfikaty SSL\"}]},{\"@type\":\"WebSite\",\"@id\":\"https:\\\/\\\/jdm.pl\\\/blog\\\/#website\",\"url\":\"https:\\\/\\\/jdm.pl\\\/blog\\\/\",\"name\":\"Blog jdm.pl\",\"description\":\"WordPress tutoriale i porady\",\"potentialAction\":[{\"@type\":\"SearchAction\",\"target\":{\"@type\":\"EntryPoint\",\"urlTemplate\":\"https:\\\/\\\/jdm.pl\\\/blog\\\/?s={search_term_string}\"},\"query-input\":{\"@type\":\"PropertyValueSpecification\",\"valueRequired\":true,\"valueName\":\"search_term_string\"}}],\"inLanguage\":\"pl-PL\"}]}<\/script>\n<!-- \/ Yoast SEO plugin. -->","yoast_head_json":{"title":"Certyfikaty SSL - Blog jdm.pl","robots":{"index":"index","follow":"follow","max-snippet":"max-snippet:-1","max-image-preview":"max-image-preview:large","max-video-preview":"max-video-preview:-1"},"canonical":"https:\/\/jdm.pl\/blog\/pytania-i-odpowiedzi\/certyfikaty-ssl\/","og_locale":"pl_PL","og_type":"article","og_title":"Certyfikaty SSL - Blog jdm.pl","og_description":"powr\u00f3t do FAQ Naci\u015bnij na odpowiednie pytanie, aby zobaczy\u0107 odpowied\u017a:","og_url":"https:\/\/jdm.pl\/blog\/pytania-i-odpowiedzi\/certyfikaty-ssl\/","og_site_name":"Blog jdm.pl","article_modified_time":"2023-05-11T12:52:31+00:00","twitter_card":"summary_large_image","twitter_misc":{"Szacowany czas czytania":"2 minuty"},"schema":{"@context":"https:\/\/schema.org","@graph":[{"@type":"WebPage","@id":"https:\/\/jdm.pl\/blog\/pytania-i-odpowiedzi\/certyfikaty-ssl\/","url":"https:\/\/jdm.pl\/blog\/pytania-i-odpowiedzi\/certyfikaty-ssl\/","name":"Certyfikaty SSL - Blog jdm.pl","isPartOf":{"@id":"https:\/\/jdm.pl\/blog\/#website"},"datePublished":"2023-05-10T20:03:51+00:00","dateModified":"2023-05-11T12:52:31+00:00","breadcrumb":{"@id":"https:\/\/jdm.pl\/blog\/pytania-i-odpowiedzi\/certyfikaty-ssl\/#breadcrumb"},"inLanguage":"pl-PL","potentialAction":[{"@type":"ReadAction","target":["https:\/\/jdm.pl\/blog\/pytania-i-odpowiedzi\/certyfikaty-ssl\/"]}]},{"@type":"BreadcrumbList","@id":"https:\/\/jdm.pl\/blog\/pytania-i-odpowiedzi\/certyfikaty-ssl\/#breadcrumb","itemListElement":[{"@type":"ListItem","position":1,"name":"Strona g\u0142\u00f3wna","item":"https:\/\/jdm.pl\/blog\/"},{"@type":"ListItem","position":2,"name":"Pytania i odpowiedzi","item":"https:\/\/jdm.pl\/blog\/pytania-i-odpowiedzi\/"},{"@type":"ListItem","position":3,"name":"Certyfikaty SSL"}]},{"@type":"WebSite","@id":"https:\/\/jdm.pl\/blog\/#website","url":"https:\/\/jdm.pl\/blog\/","name":"Blog jdm.pl","description":"WordPress tutoriale i porady","potentialAction":[{"@type":"SearchAction","target":{"@type":"EntryPoint","urlTemplate":"https:\/\/jdm.pl\/blog\/?s={search_term_string}"},"query-input":{"@type":"PropertyValueSpecification","valueRequired":true,"valueName":"search_term_string"}}],"inLanguage":"pl-PL"}]}},"uagb_featured_image_src":{"full":false,"thumbnail":false,"medium":false,"medium_large":false,"large":false,"hd_qu_size2":false,"1536x1536":false,"2048x2048":false,"sidebar-thumb":false},"uagb_author_info":{"display_name":"Anna Starek-Wr\u00f3bel","author_link":"https:\/\/jdm.pl\/blog\/author\/anna-starek\/"},"uagb_comment_info":0,"uagb_excerpt":"powr\u00f3t do FAQ Naci\u015bnij na odpowiednie pytanie, aby zobaczy\u0107 odpowied\u017a:","jetpack_sharing_enabled":true,"_links":{"self":[{"href":"https:\/\/jdm.pl\/blog\/wp-json\/wp\/v2\/pages\/3246","targetHints":{"allow":["GET"]}}],"collection":[{"href":"https:\/\/jdm.pl\/blog\/wp-json\/wp\/v2\/pages"}],"about":[{"href":"https:\/\/jdm.pl\/blog\/wp-json\/wp\/v2\/types\/page"}],"author":[{"embeddable":true,"href":"https:\/\/jdm.pl\/blog\/wp-json\/wp\/v2\/users\/4"}],"replies":[{"embeddable":true,"href":"https:\/\/jdm.pl\/blog\/wp-json\/wp\/v2\/comments?post=3246"}],"version-history":[{"count":2,"href":"https:\/\/jdm.pl\/blog\/wp-json\/wp\/v2\/pages\/3246\/revisions"}],"predecessor-version":[{"id":3286,"href":"https:\/\/jdm.pl\/blog\/wp-json\/wp\/v2\/pages\/3246\/revisions\/3286"}],"up":[{"embeddable":true,"href":"https:\/\/jdm.pl\/blog\/wp-json\/wp\/v2\/pages\/3213"}],"wp:attachment":[{"href":"https:\/\/jdm.pl\/blog\/wp-json\/wp\/v2\/media?parent=3246"}],"curies":[{"name":"wp","href":"https:\/\/api.w.org\/{rel}","templated":true}]}}