{"id":3213,"date":"2023-05-04T17:05:13","date_gmt":"2023-05-04T15:05:13","guid":{"rendered":"https:\/\/jdm.pl\/blog\/?page_id=3213"},"modified":"2025-08-05T17:16:39","modified_gmt":"2025-08-05T15:16:39","slug":"pytania-i-odpowiedzi","status":"publish","type":"page","link":"https:\/\/jdm.pl\/blog\/pytania-i-odpowiedzi\/","title":{"rendered":"Pytania i odpowiedzi"},"content":{"rendered":"\n<div style=\"height:50px\" aria-hidden=\"true\" class=\"wp-block-spacer\"><\/div>\n\n\n\n<p>Wybierz dzia\u0142, kt\u00f3ry Ci\u0119 interesuje i przeczytaj nasze odpowiedzi na najcz\u0119\u015bciej zadawane pytania. Zgromadzone tutaj informacje skierowane s\u0105 do obecnych i przysz\u0142ych klient\u00f3w hostingu JDM.pl <\/p>\n\n\n\n<p>Je\u017celi szukasz zagadnie\u0144 zwi\u0105zanych z WordPressem oraz og\u00f3lnie domenami i hostingiem, zapraszamy bezpo\u015brednio do <a href=\"https:\/\/blog.jdm.pl\" target=\"_blank\" rel=\"noreferrer noopener\">przejrzenia naszego bloga<\/a>. <br><br>Nie ma odpowiedzi na Twoje pytanie? Wy\u015blij je na <a href=\"mailto:bok@jdm.pl\">bok@jdm.pl<\/a> w temacie wpisuj\u0105c JDM FAQ<\/p>\n\n\n\n<p><strong>\u2022 <a href=\"https:\/\/jdm.pl\/blog\/pytania-i-odpowiedzi\/domeny\/\" target=\"_blank\" rel=\"noreferrer noopener\">Domeny<\/a><\/strong><\/p>\n\n\n\n<p><strong>\u2022 <a href=\"https:\/\/jdm.pl\/blog\/pytania-i-odpowiedzi\/pakiety-hostingowe\/\" target=\"_blank\" rel=\"noreferrer noopener\">Pakiety hostingowe<\/a><\/strong><\/p>\n\n\n\n<p><strong>\u2022 <a href=\"https:\/\/jdm.pl\/blog\/pytania-i-odpowiedzi\/certyfikaty-ssl\/\" target=\"_blank\" rel=\"noreferrer noopener\">Certyfikaty SSL<\/a><\/strong><\/p>\n\n\n\n<p><strong>\u2022 <a href=\"https:\/\/jdm.pl\/blog\/pytania-i-odpowiedzi\/poczta\/\" target=\"_blank\" rel=\"noreferrer noopener\">Poczta<\/a><\/strong><\/p>\n\n\n\n<p><strong>\u2022 <a href=\"https:\/\/jdm.pl\/blog\/pytania-i-odpowiedzi\/platnosci-za-uslugi\/\">P\u0142atno\u015bci za us\u0142ugi<\/a><\/strong><\/p>\n\n\n\n<p><strong>\u2022 <a href=\"https:\/\/jdm.pl\/blog\/pytania-i-odpowiedzi\/panel-klienta\/\">Panel klienta<\/a><\/strong><\/p>\n\n\n\n<p>\u2022 <a href=\"https:\/\/jdm.pl\/blog\/pytania-i-odpowiedzi\/migracja\/\" target=\"_blank\" rel=\"noreferrer noopener\"><strong>Migracja us\u0142ug<\/strong><\/a><\/p>\n\n\n\n<p>\u2022 Inne<\/p>\n\n\n\n<p>Ponadto zapraszamy do naszego dzia\u0142u <a href=\"https:\/\/jdm.pl\/pomoc\/\" target=\"_blank\" rel=\"noreferrer noopener\">Pomocy<\/a>. <\/p>\n","protected":false},"excerpt":{"rendered":"<p>Wybierz dzia\u0142, kt\u00f3ry Ci\u0119 interesuje i przeczytaj nasze odpowiedzi na najcz\u0119\u015bciej zadawane pytania. Zgromadzone tutaj informacje skierowane s\u0105 do obecnych i przysz\u0142ych klient\u00f3w hostingu JDM.pl Je\u017celi szukasz zagadnie\u0144 zwi\u0105zanych z WordPressem oraz og\u00f3lnie domenami i hostingiem, zapraszamy bezpo\u015brednio do przejrzenia naszego bloga. Nie ma odpowiedzi na Twoje pytanie? Wy\u015blij je na bok@jdm.pl w temacie wpisuj\u0105c [&hellip;]<\/p>\n","protected":false},"author":4,"featured_media":0,"parent":0,"menu_order":0,"comment_status":"closed","ping_status":"closed","template":"","meta":{"_uag_custom_page_level_css":"","_exactmetrics_skip_tracking":false,"_exactmetrics_sitenote_active":false,"_exactmetrics_sitenote_note":"","_exactmetrics_sitenote_category":0,"footnotes":""},"class_list":["post-3213","page","type-page","status-publish","hentry"],"yoast_head":"<!-- This site is optimized with the Yoast SEO plugin v27.2 - https:\/\/yoast.com\/product\/yoast-seo-wordpress\/ -->\n<title>Pytania i odpowiedzi - Blog jdm.pl<\/title>\n<meta name=\"robots\" content=\"index, follow, max-snippet:-1, max-image-preview:large, max-video-preview:-1\" \/>\n<link rel=\"canonical\" href=\"https:\/\/jdm.pl\/blog\/pytania-i-odpowiedzi\/\" \/>\n<meta property=\"og:locale\" content=\"pl_PL\" \/>\n<meta property=\"og:type\" content=\"article\" \/>\n<meta property=\"og:title\" content=\"Pytania i odpowiedzi - Blog jdm.pl\" \/>\n<meta property=\"og:description\" content=\"Wybierz dzia\u0142, kt\u00f3ry Ci\u0119 interesuje i przeczytaj nasze odpowiedzi na najcz\u0119\u015bciej zadawane pytania. Zgromadzone tutaj informacje skierowane s\u0105 do obecnych i przysz\u0142ych klient\u00f3w hostingu JDM.pl Je\u017celi szukasz zagadnie\u0144 zwi\u0105zanych z WordPressem oraz og\u00f3lnie domenami i hostingiem, zapraszamy bezpo\u015brednio do przejrzenia naszego bloga. Nie ma odpowiedzi na Twoje pytanie? Wy\u015blij je na bok@jdm.pl w temacie wpisuj\u0105c [&hellip;]\" \/>\n<meta property=\"og:url\" content=\"https:\/\/jdm.pl\/blog\/pytania-i-odpowiedzi\/\" \/>\n<meta property=\"og:site_name\" content=\"Blog jdm.pl\" \/>\n<meta property=\"article:modified_time\" content=\"2025-08-05T15:16:39+00:00\" \/>\n<meta name=\"twitter:card\" content=\"summary_large_image\" \/>\n<meta name=\"twitter:label1\" content=\"Szacowany czas czytania\" \/>\n\t<meta name=\"twitter:data1\" content=\"1 minuta\" \/>\n<script type=\"application\/ld+json\" class=\"yoast-schema-graph\">{\"@context\":\"https:\/\/schema.org\",\"@graph\":[{\"@type\":\"WebPage\",\"@id\":\"https:\/\/jdm.pl\/blog\/pytania-i-odpowiedzi\/\",\"url\":\"https:\/\/jdm.pl\/blog\/pytania-i-odpowiedzi\/\",\"name\":\"Pytania i odpowiedzi - Blog jdm.pl\",\"isPartOf\":{\"@id\":\"https:\/\/jdm.pl\/blog\/#website\"},\"datePublished\":\"2023-05-04T15:05:13+00:00\",\"dateModified\":\"2025-08-05T15:16:39+00:00\",\"breadcrumb\":{\"@id\":\"https:\/\/jdm.pl\/blog\/pytania-i-odpowiedzi\/#breadcrumb\"},\"inLanguage\":\"pl-PL\",\"potentialAction\":[{\"@type\":\"ReadAction\",\"target\":[\"https:\/\/jdm.pl\/blog\/pytania-i-odpowiedzi\/\"]}]},{\"@type\":\"BreadcrumbList\",\"@id\":\"https:\/\/jdm.pl\/blog\/pytania-i-odpowiedzi\/#breadcrumb\",\"itemListElement\":[{\"@type\":\"ListItem\",\"position\":1,\"name\":\"Strona g\u0142\u00f3wna\",\"item\":\"https:\/\/jdm.pl\/blog\/\"},{\"@type\":\"ListItem\",\"position\":2,\"name\":\"Pytania i odpowiedzi\"}]},{\"@type\":\"WebSite\",\"@id\":\"https:\/\/jdm.pl\/blog\/#website\",\"url\":\"https:\/\/jdm.pl\/blog\/\",\"name\":\"Blog jdm.pl\",\"description\":\"WordPress tutoriale i porady\",\"potentialAction\":[{\"@type\":\"SearchAction\",\"target\":{\"@type\":\"EntryPoint\",\"urlTemplate\":\"https:\/\/jdm.pl\/blog\/?s={search_term_string}\"},\"query-input\":{\"@type\":\"PropertyValueSpecification\",\"valueRequired\":true,\"valueName\":\"search_term_string\"}}],\"inLanguage\":\"pl-PL\"}]}<\/script>\n<!-- \/ Yoast SEO plugin. -->","yoast_head_json":{"title":"Pytania i odpowiedzi - Blog jdm.pl","robots":{"index":"index","follow":"follow","max-snippet":"max-snippet:-1","max-image-preview":"max-image-preview:large","max-video-preview":"max-video-preview:-1"},"canonical":"https:\/\/jdm.pl\/blog\/pytania-i-odpowiedzi\/","og_locale":"pl_PL","og_type":"article","og_title":"Pytania i odpowiedzi - Blog jdm.pl","og_description":"Wybierz dzia\u0142, kt\u00f3ry Ci\u0119 interesuje i przeczytaj nasze odpowiedzi na najcz\u0119\u015bciej zadawane pytania. Zgromadzone tutaj informacje skierowane s\u0105 do obecnych i przysz\u0142ych klient\u00f3w hostingu JDM.pl Je\u017celi szukasz zagadnie\u0144 zwi\u0105zanych z WordPressem oraz og\u00f3lnie domenami i hostingiem, zapraszamy bezpo\u015brednio do przejrzenia naszego bloga. Nie ma odpowiedzi na Twoje pytanie? Wy\u015blij je na bok@jdm.pl w temacie wpisuj\u0105c [&hellip;]","og_url":"https:\/\/jdm.pl\/blog\/pytania-i-odpowiedzi\/","og_site_name":"Blog jdm.pl","article_modified_time":"2025-08-05T15:16:39+00:00","twitter_card":"summary_large_image","twitter_misc":{"Szacowany czas czytania":"1 minuta"},"schema":{"@context":"https:\/\/schema.org","@graph":[{"@type":"WebPage","@id":"https:\/\/jdm.pl\/blog\/pytania-i-odpowiedzi\/","url":"https:\/\/jdm.pl\/blog\/pytania-i-odpowiedzi\/","name":"Pytania i odpowiedzi - Blog jdm.pl","isPartOf":{"@id":"https:\/\/jdm.pl\/blog\/#website"},"datePublished":"2023-05-04T15:05:13+00:00","dateModified":"2025-08-05T15:16:39+00:00","breadcrumb":{"@id":"https:\/\/jdm.pl\/blog\/pytania-i-odpowiedzi\/#breadcrumb"},"inLanguage":"pl-PL","potentialAction":[{"@type":"ReadAction","target":["https:\/\/jdm.pl\/blog\/pytania-i-odpowiedzi\/"]}]},{"@type":"BreadcrumbList","@id":"https:\/\/jdm.pl\/blog\/pytania-i-odpowiedzi\/#breadcrumb","itemListElement":[{"@type":"ListItem","position":1,"name":"Strona g\u0142\u00f3wna","item":"https:\/\/jdm.pl\/blog\/"},{"@type":"ListItem","position":2,"name":"Pytania i odpowiedzi"}]},{"@type":"WebSite","@id":"https:\/\/jdm.pl\/blog\/#website","url":"https:\/\/jdm.pl\/blog\/","name":"Blog jdm.pl","description":"WordPress tutoriale i porady","potentialAction":[{"@type":"SearchAction","target":{"@type":"EntryPoint","urlTemplate":"https:\/\/jdm.pl\/blog\/?s={search_term_string}"},"query-input":{"@type":"PropertyValueSpecification","valueRequired":true,"valueName":"search_term_string"}}],"inLanguage":"pl-PL"}]}},"uagb_featured_image_src":{"full":false,"thumbnail":false,"medium":false,"medium_large":false,"large":false,"hd_qu_size2":false,"1536x1536":false,"2048x2048":false,"sidebar-thumb":false},"uagb_author_info":{"display_name":"Anna Starek-Wr\u00f3bel","author_link":"https:\/\/jdm.pl\/blog\/author\/anna-starek\/"},"uagb_comment_info":0,"uagb_excerpt":"Wybierz dzia\u0142, kt\u00f3ry Ci\u0119 interesuje i przeczytaj nasze odpowiedzi na najcz\u0119\u015bciej zadawane pytania. Zgromadzone tutaj informacje skierowane s\u0105 do obecnych i przysz\u0142ych klient\u00f3w hostingu JDM.pl Je\u017celi szukasz zagadnie\u0144 zwi\u0105zanych z WordPressem oraz og\u00f3lnie domenami i hostingiem, zapraszamy bezpo\u015brednio do przejrzenia naszego bloga. Nie ma odpowiedzi na Twoje pytanie? Wy\u015blij je na bok@jdm.pl w temacie wpisuj\u0105c&hellip;","jetpack_sharing_enabled":true,"_links":{"self":[{"href":"https:\/\/jdm.pl\/blog\/wp-json\/wp\/v2\/pages\/3213","targetHints":{"allow":["GET"]}}],"collection":[{"href":"https:\/\/jdm.pl\/blog\/wp-json\/wp\/v2\/pages"}],"about":[{"href":"https:\/\/jdm.pl\/blog\/wp-json\/wp\/v2\/types\/page"}],"author":[{"embeddable":true,"href":"https:\/\/jdm.pl\/blog\/wp-json\/wp\/v2\/users\/4"}],"replies":[{"embeddable":true,"href":"https:\/\/jdm.pl\/blog\/wp-json\/wp\/v2\/comments?post=3213"}],"version-history":[{"count":5,"href":"https:\/\/jdm.pl\/blog\/wp-json\/wp\/v2\/pages\/3213\/revisions"}],"predecessor-version":[{"id":4322,"href":"https:\/\/jdm.pl\/blog\/wp-json\/wp\/v2\/pages\/3213\/revisions\/4322"}],"wp:attachment":[{"href":"https:\/\/jdm.pl\/blog\/wp-json\/wp\/v2\/media?parent=3213"}],"curies":[{"name":"wp","href":"https:\/\/api.w.org\/{rel}","templated":true}]}}